{"id":150,"date":"2015-03-20T17:03:11","date_gmt":"2015-03-20T16:03:11","guid":{"rendered":"http:\/\/dev.picoba.nl\/?page_id=150"},"modified":"2015-09-29T16:15:37","modified_gmt":"2015-09-29T15:15:37","slug":"datos-technicos","status":"publish","type":"page","link":"https:\/\/www.mobitrac.eu\/es\/datos-technicos\/","title":{"rendered":"Datos Te\u0301cnicos"},"content":{"rendered":"<div id='layer_slider_1'  class='avia-layerslider main_color avia-shadow  avia-builder-el-0  el_before_av_one_full  avia-builder-el-first  container_wrap sidebar_right' style='  height: 151px;' ><\/div><div id='after_layer_slider_1'  class='main_color av_default_container_wrap container_wrap sidebar_right' style=' '  ><div class='container' ><div class='template-page content  av-content-small alpha units'><div class='post-entry post-entry-type-page post-entry-150'><div class='entry-content-wrapper clearfix'>\n<div class=\"flex_column av_one_full  flex_column_div first  avia-builder-el-1  el_after_av_layerslider  el_before_av_two_third  avia-builder-el-first  \" ><\/div>\n<div class=\"flex_column av_two_third  flex_column_div first  avia-builder-el-2  el_after_av_one_full  el_before_av_one_third  column-top-margin\" ><p><div  style='padding-bottom:10px; ' class='av-special-heading av-special-heading-h2    avia-builder-el-3  el_before_av_textblock  avia-builder-el-first  '><h2 class='av-special-heading-tag '  itemprop=\"headline\"  >Datos Te\u0301cnicos<\/h2><div class='special-heading-border'><div class='special-heading-inner-border' ><\/div><\/div><\/div><br \/>\n<section class=\"av_textblock_section \"  itemscope=\"itemscope\" itemtype=\"https:\/\/schema.org\/CreativeWork\" ><div class='avia_textblock  '   itemprop=\"text\" ><p>El motor del MOBITRAC cumple con las normas EPA. (Agencia de protecci\u00f3n ambiental de EEUU)<\/p>\n<p>Yanmar\u00a03 cilindros 29,1 CV<br \/>\nClase medioambiental nivel 4 (Normativa Europea sobre emisiones)<br \/>\nProvee al MOBITRAC de una excelente reserva de par.<br \/>\nIndicadores visuales cuando el motor se caliente o por poca de presi\u00f3n aceite.<br \/>\nBajas emisiones, bajo nivel de combustible (3,5 Litros a la hora) y poco ruido.<\/p>\n<\/div><\/section><\/p><\/div>\n<div class=\"flex_column av_one_third  flex_column_div av-zero-column-padding   avia-builder-el-5  el_after_av_two_third  el_before_av_section  avia-builder-el-last  column-top-margin\" style='border-radius:0px; '><div  class='avia-image-container  av-styling-    avia-builder-el-6  avia-builder-el-no-sibling  avia-align-center '  itemprop=\"image\" itemscope=\"itemscope\" itemtype=\"https:\/\/schema.org\/ImageObject\"  ><div class='avia-image-container-inner'><div class='avia-image-overlay-wrap'><img decoding=\"async\" class='wp-image-730 avia-img-lazy-loading-not-730 avia_image' src=\"https:\/\/www.mobitrac.eu\/wp-content\/uploads\/2015\/03\/IMG_9130-300x200.jpg\" alt='' title='IMG_9130' height=\"200\" width=\"300\"  itemprop=\"thumbnailUrl\" srcset=\"https:\/\/www.mobitrac.eu\/wp-content\/uploads\/2015\/03\/IMG_9130-300x200.jpg 300w, https:\/\/www.mobitrac.eu\/wp-content\/uploads\/2015\/03\/IMG_9130-705x469.jpg 705w, https:\/\/www.mobitrac.eu\/wp-content\/uploads\/2015\/03\/IMG_9130-450x300.jpg 450w, https:\/\/www.mobitrac.eu\/wp-content\/uploads\/2015\/03\/IMG_9130.jpg 721w\" sizes=\"(max-width: 300px) 100vw, 300px\" \/><\/div><\/div><\/div><\/div>\n<\/div><\/div><\/div><!-- close content main div --><\/div><\/div><div id='av_section_1'  class='avia-section main_color avia-section-default avia-shadow  avia-bg-style-scroll  avia-builder-el-7  el_after_av_one_third  avia-builder-el-last   av-arrow-down-section container_wrap sidebar_right' style='background-color: #f7f7f7;  '  ><div class='container' ><div class='template-page content  av-content-small alpha units'><div class='post-entry post-entry-type-page post-entry-150'><div class='entry-content-wrapper clearfix'>\n<div class=\"flex_column av_one_third  flex_column_div first  avia-builder-el-8  el_before_av_one_third  avia-builder-el-first  \" ><section class=\"av_textblock_section \"  itemscope=\"itemscope\" itemtype=\"https:\/\/schema.org\/CreativeWork\" ><div class='avia_textblock  '   itemprop=\"text\" ><h3>Motor<\/h3>\n<p>Yanmar 3 cilindros 29,1 CV<br \/>\nClase medioambiental nivil 4<\/p>\n<h3>Tanque de combustible<\/h3>\n<p>Dep\u00f3sito 30 L<\/p>\n<h3>Sistema el\u00e9ctrico<\/h3>\n<p>Bateria de 12 V, 45 Ah resistente a golpes<\/p>\n<h3>Elevador frontal<\/h3>\n<p>Potencia de elvaci\u00f3n para 250 kg, MB bracket para el intercambio r\u00e1pido de herramientas<\/p>\n<h3>Equipamiento<\/h3>\n<p>Set de luces de trabajo<\/p>\n<h3>Dimensiones<\/h3>\n<p>Largo 15&#8217;4 ft (4.75 m)<br \/>\nAncho 6&#8217;9 ft (2.10 m)<br \/>\nAlto 6&#8217;9 ft (2.10 m)<br \/>\nPeso 2,799 lbs (1.270 kg)<\/p>\n<\/div><\/section><\/div><div class=\"flex_column av_one_third  flex_column_div av-zero-column-padding   avia-builder-el-10  el_after_av_one_third  el_before_av_one_third  \" style='border-radius:0px; '><section class=\"av_textblock_section \"  itemscope=\"itemscope\" itemtype=\"https:\/\/schema.org\/CreativeWork\" ><div class='avia_textblock  '   itemprop=\"text\" ><h3>Hidr\u00e1ulicos<\/h3>\n<p>Bombas de impulsi\u00f3n 2 x 21 cc<br \/>\nMotores de impulsion 2 x 160 cc<br \/>\nBombas para accesorios 8.5 cc or 11 cc<br \/>\nTanque hidr\u00e1ulico 70 ltr<br \/>\nLimitador de potencia<\/p>\n<h3>Sistema de refrigeraci\u00f3n<\/h3>\n<p>Combinado para el motor y para sistema hidr\u00e1ulico<\/p>\n<h3>Mando Izquierdo<\/h3>\n<p>Manejo de la m\u00e1quina y operar la segadora<\/p>\n<h3>Mando derecho<\/h3>\n<p>Eleva, inclina y desplaza el peso<\/p>\n<h3>Elevador frontal<\/h3>\n<p>Flujo ajustable de 0-38 litros<\/p>\n<\/div><\/section><\/div><div class=\"flex_column av_one_third  flex_column_div av-zero-column-padding   avia-builder-el-12  el_after_av_one_third  avia-builder-el-last  \" style='border-radius:0px; '><section class=\"av_textblock_section \"  itemscope=\"itemscope\" itemtype=\"https:\/\/schema.org\/CreativeWork\" ><div class='avia_textblock  '   itemprop=\"text\" ><h3>Material<\/h3>\n<p>Los pontones est\u00e1n fabricados de aluminio resistente al agua salada Construcci\u00f3n en acero galvanizado Todas las partes de metal est\u00e1n recubiertas con pintura en polvo<\/p>\n<h3>Elecci\u00f3n Medioambiental<\/h3>\n<p>Aceite hidr\u00e1ulico respetuoso con el medioambinete, Panolin (70Litros) que reemplaza el aceite<br \/>\nhidr\u00e1ulico estandar HV-ISO 46<\/p>\n<h3><\/h3>\n<p>MOBITRAC is sold CE marked<\/p>\n<\/div><\/section><\/div><\/div><\/div><\/div><!-- close content main div --><\/div><div class='av-extra-border-element border-extra-arrow-down'><div class='av-extra-border-outer'><div class='av-extra-border-inner'  style='background-color:#f7f7f7;' ><\/div><\/div><\/div><\/div><div id='after_section_1'  class='main_color av_default_container_wrap container_wrap sidebar_right' style=' '  ><div class='container' ><div class='template-page content  av-content-small alpha units'><div class='post-entry post-entry-type-page post-entry-150'><div class='entry-content-wrapper clearfix'>\n","protected":false},"excerpt":{"rendered":"","protected":false},"author":2,"featured_media":0,"parent":0,"menu_order":0,"comment_status":"open","ping_status":"closed","template":"","meta":{"footnotes":""},"yoast_head":"<!-- This site is optimized with the Yoast SEO plugin v21.1 - https:\/\/yoast.com\/wordpress\/plugins\/seo\/ -->\n<title>Datos Te\u0301cnicos - Mobitrac<\/title>\n<meta name=\"robots\" content=\"index, follow, max-snippet:-1, max-image-preview:large, max-video-preview:-1\" \/>\n<link rel=\"canonical\" href=\"https:\/\/www.mobitrac.eu\/es\/datos-technicos\/\" \/>\n<meta property=\"og:locale\" content=\"es_ES\" \/>\n<meta property=\"og:type\" content=\"article\" \/>\n<meta property=\"og:title\" content=\"Datos Te\u0301cnicos - Mobitrac\" \/>\n<meta property=\"og:url\" content=\"https:\/\/www.mobitrac.eu\/es\/datos-technicos\/\" \/>\n<meta property=\"og:site_name\" content=\"Mobitrac\" \/>\n<meta property=\"article:modified_time\" content=\"2015-09-29T15:15:37+00:00\" \/>\n<meta name=\"twitter:label1\" content=\"Tiempo de lectura\" \/>\n\t<meta name=\"twitter:data1\" content=\"3 minutos\" \/>\n<script type=\"application\/ld+json\" class=\"yoast-schema-graph\">{\"@context\":\"https:\/\/schema.org\",\"@graph\":[{\"@type\":\"WebPage\",\"@id\":\"https:\/\/www.mobitrac.eu\/es\/datos-technicos\/\",\"url\":\"https:\/\/www.mobitrac.eu\/es\/datos-technicos\/\",\"name\":\"Datos Te\u0301cnicos - Mobitrac\",\"isPartOf\":{\"@id\":\"https:\/\/www.mobitrac.eu\/#website\"},\"datePublished\":\"2015-03-20T16:03:11+00:00\",\"dateModified\":\"2015-09-29T15:15:37+00:00\",\"breadcrumb\":{\"@id\":\"https:\/\/www.mobitrac.eu\/es\/datos-technicos\/#breadcrumb\"},\"inLanguage\":\"es\",\"potentialAction\":[{\"@type\":\"ReadAction\",\"target\":[\"https:\/\/www.mobitrac.eu\/es\/datos-technicos\/\"]}]},{\"@type\":\"BreadcrumbList\",\"@id\":\"https:\/\/www.mobitrac.eu\/es\/datos-technicos\/#breadcrumb\",\"itemListElement\":[{\"@type\":\"ListItem\",\"position\":1,\"name\":\"Home\",\"item\":\"https:\/\/www.mobitrac.eu\/es\/\"},{\"@type\":\"ListItem\",\"position\":2,\"name\":\"Datos Te\u0301cnicos\"}]},{\"@type\":\"WebSite\",\"@id\":\"https:\/\/www.mobitrac.eu\/#website\",\"url\":\"https:\/\/www.mobitrac.eu\/\",\"name\":\"Mobitrac\",\"description\":\"\",\"potentialAction\":[{\"@type\":\"SearchAction\",\"target\":{\"@type\":\"EntryPoint\",\"urlTemplate\":\"https:\/\/www.mobitrac.eu\/?s={search_term_string}\"},\"query-input\":\"required name=search_term_string\"}],\"inLanguage\":\"es\"}]}<\/script>\n<!-- \/ Yoast SEO plugin. -->","yoast_head_json":{"title":"Datos Te\u0301cnicos - Mobitrac","robots":{"index":"index","follow":"follow","max-snippet":"max-snippet:-1","max-image-preview":"max-image-preview:large","max-video-preview":"max-video-preview:-1"},"canonical":"https:\/\/www.mobitrac.eu\/es\/datos-technicos\/","og_locale":"es_ES","og_type":"article","og_title":"Datos Te\u0301cnicos - Mobitrac","og_url":"https:\/\/www.mobitrac.eu\/es\/datos-technicos\/","og_site_name":"Mobitrac","article_modified_time":"2015-09-29T15:15:37+00:00","twitter_misc":{"Tiempo de lectura":"3 minutos"},"schema":{"@context":"https:\/\/schema.org","@graph":[{"@type":"WebPage","@id":"https:\/\/www.mobitrac.eu\/es\/datos-technicos\/","url":"https:\/\/www.mobitrac.eu\/es\/datos-technicos\/","name":"Datos Te\u0301cnicos - Mobitrac","isPartOf":{"@id":"https:\/\/www.mobitrac.eu\/#website"},"datePublished":"2015-03-20T16:03:11+00:00","dateModified":"2015-09-29T15:15:37+00:00","breadcrumb":{"@id":"https:\/\/www.mobitrac.eu\/es\/datos-technicos\/#breadcrumb"},"inLanguage":"es","potentialAction":[{"@type":"ReadAction","target":["https:\/\/www.mobitrac.eu\/es\/datos-technicos\/"]}]},{"@type":"BreadcrumbList","@id":"https:\/\/www.mobitrac.eu\/es\/datos-technicos\/#breadcrumb","itemListElement":[{"@type":"ListItem","position":1,"name":"Home","item":"https:\/\/www.mobitrac.eu\/es\/"},{"@type":"ListItem","position":2,"name":"Datos Te\u0301cnicos"}]},{"@type":"WebSite","@id":"https:\/\/www.mobitrac.eu\/#website","url":"https:\/\/www.mobitrac.eu\/","name":"Mobitrac","description":"","potentialAction":[{"@type":"SearchAction","target":{"@type":"EntryPoint","urlTemplate":"https:\/\/www.mobitrac.eu\/?s={search_term_string}"},"query-input":"required name=search_term_string"}],"inLanguage":"es"}]}},"_links":{"self":[{"href":"https:\/\/www.mobitrac.eu\/es\/wp-json\/wp\/v2\/pages\/150"}],"collection":[{"href":"https:\/\/www.mobitrac.eu\/es\/wp-json\/wp\/v2\/pages"}],"about":[{"href":"https:\/\/www.mobitrac.eu\/es\/wp-json\/wp\/v2\/types\/page"}],"author":[{"embeddable":true,"href":"https:\/\/www.mobitrac.eu\/es\/wp-json\/wp\/v2\/users\/2"}],"replies":[{"embeddable":true,"href":"https:\/\/www.mobitrac.eu\/es\/wp-json\/wp\/v2\/comments?post=150"}],"version-history":[{"count":9,"href":"https:\/\/www.mobitrac.eu\/es\/wp-json\/wp\/v2\/pages\/150\/revisions"}],"predecessor-version":[{"id":1011,"href":"https:\/\/www.mobitrac.eu\/es\/wp-json\/wp\/v2\/pages\/150\/revisions\/1011"}],"wp:attachment":[{"href":"https:\/\/www.mobitrac.eu\/es\/wp-json\/wp\/v2\/media?parent=150"}],"curies":[{"name":"wp","href":"https:\/\/api.w.org\/{rel}","templated":true}]}}