{"id":184,"date":"2015-03-19T22:12:13","date_gmt":"2015-03-19T21:12:13","guid":{"rendered":"http:\/\/dev.picoba.nl\/tools\/dredging\/"},"modified":"2015-04-29T17:32:03","modified_gmt":"2015-04-29T16:32:03","slug":"bomba-de-drenaje","status":"publish","type":"page","link":"https:\/\/www.mobitrac.eu\/es\/tools\/bomba-de-drenaje\/","title":{"rendered":"Bomba de drenaje"},"content":{"rendered":"<div id='layer_slider_1'  class='avia-layerslider main_color avia-shadow  avia-builder-el-0  el_before_av_two_third  avia-builder-el-first  container_wrap sidebar_right' style='  height: 151px;' ><\/div><div id='after_layer_slider_1'  class='main_color av_default_container_wrap container_wrap sidebar_right' style=' '  ><div class='container' ><div class='template-page content  av-content-small alpha units'><div class='post-entry post-entry-type-page post-entry-184'><div class='entry-content-wrapper clearfix'>\n<div class=\"flex_column av_two_third  flex_column_div first  avia-builder-el-1  el_after_av_layerslider  el_before_av_one_third  avia-builder-el-first  \" ><p><div  style='padding-bottom:10px; ' class='av-special-heading av-special-heading-h3    avia-builder-el-2  el_before_av_textblock  avia-builder-el-first  '><h3 class='av-special-heading-tag '  itemprop=\"headline\"  >Dragado<\/h3><div class='special-heading-border'><div class='special-heading-inner-border' ><\/div><\/div><\/div><br \/>\n<section class=\"av_textblock_section \"  itemscope=\"itemscope\" itemtype=\"https:\/\/schema.org\/CreativeWork\" ><div class='avia_textblock  '   itemprop=\"text\" ><header>La bomba de drenaje ha sido especialmente dise\u00f1ada para el MOBITRAC. La MB LL80 B-4 se puede utilizar para bombear sedimentos, pero tambi\u00e9n para bombear algas, limpiar playas o retirar basure flotando en el agua.<br \/>\nEsta herramienta se regula desde el panel de control en el asiento de conductor.Bajo pedido se puede a\u00f1adir un tornillo de alimentaci\u00f3n para instalar en la parte frontal de la bomba. Este dispositivo est\u00e1 pensado para ablandar el fondo y proporcionar a la bomba un flujo constante de sedimento. Esto se utiliza cuando se conoce exactamente que tipo de material se quiere dragar.Cuando lo sedimentos son de diferentes materiales puede ser necesario discutir previamente qu\u00e9 tipo de bomba es necesaria utilizar.<\/p>\n<ul>\n<li>10 &#8211; 40 m3\/h. dependiendo del sedimento, altura, largo de la manguera.<\/li>\n<li>Habilitada para 2.200 litros por minuto.<\/li>\n<li>Profundidad 1,70 m, y 2,40 de extensi\u00f3n.<\/li>\n<li>Accionamiento hidr\u00e1ulico<\/li>\n<li>Para bombeo de sedimentos<\/li>\n<li>Incluye 50 metros de manguera.<\/li>\n<\/ul>\n<\/header>\n<div class=\"content clearfix\"><\/div>\n<\/div><\/section><\/p><\/div>\n<div class=\"flex_column av_one_third  flex_column_div   avia-builder-el-4  el_after_av_two_third  avia-builder-el-last  \" ><p><div  style='padding-bottom:10px; ' class='av-special-heading av-special-heading-h3    avia-builder-el-5  el_before_av_toggle_container  avia-builder-el-first  '><h3 class='av-special-heading-tag '  itemprop=\"headline\"  >Bomba de drenaje<\/h3><div class='special-heading-border'><div class='special-heading-inner-border' ><\/div><\/div><\/div><br \/>\n<div   class=\"togglecontainer   toggle_close_all  avia-builder-el-6  el_after_av_heading  avia-builder-el-last \" >\n<section class=\"av_toggle_section\"  itemscope=\"itemscope\" itemtype=\"https:\/\/schema.org\/CreativeWork\"  >    <div role=\"tablist\" class=\"single_toggle\" data-tags=\"{Todo} \"  >        <p data-fake-id=\"#toggle-id-1\" class=\"toggler activeTitle\"  itemprop=\"headline\"    role=\"tab\" tabindex=\"0\" aria-controls=\"toggle-id-1\">MB-LL80B-4<span class=\"toggle_icon\" >        <span class=\"vert_icon\"><\/span><span class=\"hor_icon\"><\/span><\/span><\/p>        <div id=\"toggle-id-1\" class=\"toggle_wrap active_tc\"  style='display:block;' >            <div class=\"toggle_content invers-color \"  itemprop=\"text\"   ><p><a href=\"http:\/\/dev.picoba.nl\/wp-content\/uploads\/2015\/03\/bomba_de_drenaje-afb31.png\"><img decoding=\"async\" loading=\"lazy\" class=\"alignnone size-full wp-image-546\" src=\"http:\/\/dev.picoba.nl\/wp-content\/uploads\/2015\/03\/bomba_de_drenaje-afb31.png\" alt=\"bomba_de_drenaje-afb3\" width=\"236\" height=\"292\" \/><\/a><\/p>\n<hr \/>\n<p>A dredge pump for dredging slurry from ponds and other water areas. Specially designed to fit on the liftarm of the TR-Classic MOBITRAC<\/p>\n<h5>Details<\/h5>\n<ul>\n<li>working depth 2000 mm<\/li>\n<li>Weight 65 kg<\/li>\n<li>Pumping distance 150 m<\/li>\n<li>Max. FLOW per hour 60m\u00b3<\/li>\n<\/ul>\n            <\/div>        <\/div>    <\/div><\/section>\n<\/div><\/p><\/div>\n","protected":false},"excerpt":{"rendered":"","protected":false},"author":2,"featured_media":0,"parent":181,"menu_order":0,"comment_status":"closed","ping_status":"closed","template":"","meta":{"footnotes":""},"yoast_head":"<!-- This site is optimized with the Yoast SEO plugin v21.1 - https:\/\/yoast.com\/wordpress\/plugins\/seo\/ -->\n<title>Bomba de drenaje - Mobitrac<\/title>\n<meta name=\"robots\" content=\"index, follow, max-snippet:-1, max-image-preview:large, max-video-preview:-1\" \/>\n<link rel=\"canonical\" href=\"https:\/\/www.mobitrac.eu\/tools\/dredging\/\" \/>\n<meta property=\"og:locale\" content=\"es_ES\" \/>\n<meta property=\"og:type\" content=\"article\" \/>\n<meta property=\"og:title\" content=\"Bomba de drenaje - Mobitrac\" \/>\n<meta property=\"og:url\" content=\"https:\/\/www.mobitrac.eu\/tools\/dredging\/\" \/>\n<meta property=\"og:site_name\" content=\"Mobitrac\" \/>\n<meta property=\"article:modified_time\" content=\"2015-04-29T16:32:03+00:00\" \/>\n<meta property=\"og:image\" content=\"http:\/\/dev.picoba.nl\/wp-content\/uploads\/2015\/03\/bomba_de_drenaje-afb31.png\" \/>\n<meta name=\"twitter:label1\" content=\"Tiempo de lectura\" \/>\n\t<meta name=\"twitter:data1\" content=\"2 minutos\" \/>\n<script type=\"application\/ld+json\" class=\"yoast-schema-graph\">{\"@context\":\"https:\/\/schema.org\",\"@graph\":[{\"@type\":\"WebPage\",\"@id\":\"https:\/\/www.mobitrac.eu\/tools\/dredging\/\",\"url\":\"https:\/\/www.mobitrac.eu\/tools\/dredging\/\",\"name\":\"Bomba de drenaje - Mobitrac\",\"isPartOf\":{\"@id\":\"https:\/\/www.mobitrac.eu\/#website\"},\"datePublished\":\"2015-03-19T21:12:13+00:00\",\"dateModified\":\"2015-04-29T16:32:03+00:00\",\"breadcrumb\":{\"@id\":\"https:\/\/www.mobitrac.eu\/tools\/dredging\/#breadcrumb\"},\"inLanguage\":\"es\",\"potentialAction\":[{\"@type\":\"ReadAction\",\"target\":[\"https:\/\/www.mobitrac.eu\/tools\/dredging\/\"]}]},{\"@type\":\"BreadcrumbList\",\"@id\":\"https:\/\/www.mobitrac.eu\/tools\/dredging\/#breadcrumb\",\"itemListElement\":[{\"@type\":\"ListItem\",\"position\":1,\"name\":\"Home\",\"item\":\"https:\/\/www.mobitrac.eu\/es\/\"},{\"@type\":\"ListItem\",\"position\":2,\"name\":\"Tools\",\"item\":\"https:\/\/www.mobitrac.eu\/tools\/\"},{\"@type\":\"ListItem\",\"position\":3,\"name\":\"Bomba de drenaje\"}]},{\"@type\":\"WebSite\",\"@id\":\"https:\/\/www.mobitrac.eu\/#website\",\"url\":\"https:\/\/www.mobitrac.eu\/\",\"name\":\"Mobitrac\",\"description\":\"\",\"potentialAction\":[{\"@type\":\"SearchAction\",\"target\":{\"@type\":\"EntryPoint\",\"urlTemplate\":\"https:\/\/www.mobitrac.eu\/?s={search_term_string}\"},\"query-input\":\"required name=search_term_string\"}],\"inLanguage\":\"es\"}]}<\/script>\n<!-- \/ Yoast SEO plugin. -->","yoast_head_json":{"title":"Bomba de drenaje - Mobitrac","robots":{"index":"index","follow":"follow","max-snippet":"max-snippet:-1","max-image-preview":"max-image-preview:large","max-video-preview":"max-video-preview:-1"},"canonical":"https:\/\/www.mobitrac.eu\/tools\/dredging\/","og_locale":"es_ES","og_type":"article","og_title":"Bomba de drenaje - Mobitrac","og_url":"https:\/\/www.mobitrac.eu\/tools\/dredging\/","og_site_name":"Mobitrac","article_modified_time":"2015-04-29T16:32:03+00:00","og_image":[{"url":"http:\/\/dev.picoba.nl\/wp-content\/uploads\/2015\/03\/bomba_de_drenaje-afb31.png"}],"twitter_misc":{"Tiempo de lectura":"2 minutos"},"schema":{"@context":"https:\/\/schema.org","@graph":[{"@type":"WebPage","@id":"https:\/\/www.mobitrac.eu\/tools\/dredging\/","url":"https:\/\/www.mobitrac.eu\/tools\/dredging\/","name":"Bomba de drenaje - Mobitrac","isPartOf":{"@id":"https:\/\/www.mobitrac.eu\/#website"},"datePublished":"2015-03-19T21:12:13+00:00","dateModified":"2015-04-29T16:32:03+00:00","breadcrumb":{"@id":"https:\/\/www.mobitrac.eu\/tools\/dredging\/#breadcrumb"},"inLanguage":"es","potentialAction":[{"@type":"ReadAction","target":["https:\/\/www.mobitrac.eu\/tools\/dredging\/"]}]},{"@type":"BreadcrumbList","@id":"https:\/\/www.mobitrac.eu\/tools\/dredging\/#breadcrumb","itemListElement":[{"@type":"ListItem","position":1,"name":"Home","item":"https:\/\/www.mobitrac.eu\/es\/"},{"@type":"ListItem","position":2,"name":"Tools","item":"https:\/\/www.mobitrac.eu\/tools\/"},{"@type":"ListItem","position":3,"name":"Bomba de drenaje"}]},{"@type":"WebSite","@id":"https:\/\/www.mobitrac.eu\/#website","url":"https:\/\/www.mobitrac.eu\/","name":"Mobitrac","description":"","potentialAction":[{"@type":"SearchAction","target":{"@type":"EntryPoint","urlTemplate":"https:\/\/www.mobitrac.eu\/?s={search_term_string}"},"query-input":"required name=search_term_string"}],"inLanguage":"es"}]}},"_links":{"self":[{"href":"https:\/\/www.mobitrac.eu\/es\/wp-json\/wp\/v2\/pages\/184"}],"collection":[{"href":"https:\/\/www.mobitrac.eu\/es\/wp-json\/wp\/v2\/pages"}],"about":[{"href":"https:\/\/www.mobitrac.eu\/es\/wp-json\/wp\/v2\/types\/page"}],"author":[{"embeddable":true,"href":"https:\/\/www.mobitrac.eu\/es\/wp-json\/wp\/v2\/users\/2"}],"replies":[{"embeddable":true,"href":"https:\/\/www.mobitrac.eu\/es\/wp-json\/wp\/v2\/comments?post=184"}],"version-history":[{"count":7,"href":"https:\/\/www.mobitrac.eu\/es\/wp-json\/wp\/v2\/pages\/184\/revisions"}],"predecessor-version":[{"id":564,"href":"https:\/\/www.mobitrac.eu\/es\/wp-json\/wp\/v2\/pages\/184\/revisions\/564"}],"up":[{"embeddable":true,"href":"https:\/\/www.mobitrac.eu\/es\/wp-json\/wp\/v2\/pages\/181"}],"wp:attachment":[{"href":"https:\/\/www.mobitrac.eu\/es\/wp-json\/wp\/v2\/media?parent=184"}],"curies":[{"name":"wp","href":"https:\/\/api.w.org\/{rel}","templated":true}]}}