{"id":190,"date":"2015-03-16T21:05:19","date_gmt":"2015-03-16T20:05:19","guid":{"rendered":"http:\/\/dev.picoba.nl\/tools\/mowing-harvesting\/"},"modified":"2020-09-11T15:57:45","modified_gmt":"2020-09-11T14:57:45","slug":"segadora-recolecta","status":"publish","type":"page","link":"https:\/\/www.mobitrac.eu\/es\/tools\/segadora-recolecta\/","title":{"rendered":"Segadora \/ Recolecta"},"content":{"rendered":"<div id='layer_slider_1'  class='avia-layerslider main_color avia-shadow  avia-builder-el-0  el_before_av_two_third  avia-builder-el-first  container_wrap sidebar_right' style='  height: 151px;' ><\/div><div id='after_layer_slider_1'  class='main_color av_default_container_wrap container_wrap sidebar_right' style=' '  ><div class='container' ><div class='template-page content  av-content-small alpha units'><div class='post-entry post-entry-type-page post-entry-190'><div class='entry-content-wrapper clearfix'>\n<div class=\"flex_column av_two_third  flex_column_div first  avia-builder-el-1  el_after_av_layerslider  el_before_av_one_third  avia-builder-el-first  \" ><p><div  style='padding-bottom:10px; ' class='av-special-heading av-special-heading-h3    avia-builder-el-2  el_before_av_textblock  avia-builder-el-first  '><h3 class='av-special-heading-tag '  itemprop=\"headline\"  >Segadora \/ Recolecta<\/h3><div class='special-heading-border'><div class='special-heading-inner-border' ><\/div><\/div><\/div><br \/>\n<section class=\"av_textblock_section \"  itemscope=\"itemscope\" itemtype=\"https:\/\/schema.org\/CreativeWork\" ><div class='avia_textblock  '   itemprop=\"text\" ><p>La segadora MB-F 209 se acopla f\u00e1cilmente a la parte frontal de la m\u00e1quina y a su sistema hidr\u00e1ulico. Esta barra de cuchilla ESM BUSATI de doble acci\u00f3n no requiere agua para su lubrificaci\u00f3n, por lo que se puede utilizar tambi\u00e9n en la orilla, aguas superficiales y ci\u00e9nagas. Es una herramienta muy resistente y se puede utilizar tambi\u00e9n para cortar troncos o juncos gruesos.<\/p>\n<h3>Aplicacion:<\/h3>\n<p>Las v\u00edas acu\u00e1ticas, lagos o ci\u00e9nagas no siempre reciben la atenci\u00f3n que necesitan o merecen y en algunos casos esto da lugar a que se creen malas hierbas, algas o plantas acu\u00e1ticas que da\u00f1an el h\u00e1bitat natural o alteran el entorno y el flujo natural del agua.<br \/>\nEste abandono puede originar problemas medioambientales, plagas, descomposici\u00f3n de lodos, problemas de drenaje, aguas f\u00e9tidas, etc..<br \/>\nEs por ello muy recomendable un mantenimiento peri\u00f3dico de este tipo de lugares, como por ejemplo:<\/p>\n<ul>\n<li>Parques y reservas naturales.<\/li>\n<li>Estanques p\u00fablicos o privados como en campos de golf.<\/li>\n<li>Aguas residuales de r\u00edos, ci\u00e9nagas.<\/li>\n<li>Playas fluviales o de costa.<\/li>\n<li>MOBARN ofrece varias cortadoras.<\/li>\n<\/ul>\n<\/div><\/section><\/p><\/div>\n<div class=\"flex_column av_one_third  flex_column_div av-zero-column-padding   avia-builder-el-4  el_after_av_two_third  el_before_av_section  avia-builder-el-last  \" style='border-radius:0px; '><p><div  style='padding-bottom:10px; ' class='av-special-heading av-special-heading-h3    avia-builder-el-5  el_before_av_textblock  avia-builder-el-first  '><h3 class='av-special-heading-tag '  itemprop=\"headline\"  >Varios cortadores<\/h3><div class='special-heading-border'><div class='special-heading-inner-border' ><\/div><\/div><\/div><br \/>\n<section class=\"av_textblock_section \"  itemscope=\"itemscope\" itemtype=\"https:\/\/schema.org\/CreativeWork\" ><div class='avia_textblock  '   itemprop=\"text\" ><p>La vegetaci\u00f3n enraizada y flotante se puede cortar y segar de forma efectiva.<\/p>\n<\/div><\/section><br \/>\n<div   class=\"togglecontainer   toggle_close_all  avia-builder-el-7  el_after_av_textblock  avia-builder-el-last \" >\n<section class=\"av_toggle_section\"  itemscope=\"itemscope\" itemtype=\"https:\/\/schema.org\/CreativeWork\"  >    <div role=\"tablist\" class=\"single_toggle\" data-tags=\"{Todo} \"  >        <p data-fake-id=\"#toggle-id-1\" class=\"toggler activeTitle\"  itemprop=\"headline\"    role=\"tab\" tabindex=\"0\" aria-controls=\"toggle-id-1\">MB-F 209<span class=\"toggle_icon\" >        <span class=\"vert_icon\"><\/span><span class=\"hor_icon\"><\/span><\/span><\/p>        <div id=\"toggle-id-1\" class=\"toggle_wrap active_tc\"  style='display:block;' >            <div class=\"toggle_content invers-color \"  itemprop=\"text\"   ><h5><a href=\"https:\/\/www.mobitrac.eu\/wp-content\/uploads\/2020\/02\/IMG_0804.jpeg\"><img decoding=\"async\" loading=\"lazy\" class=\"alignnone size-medium wp-image-1599\" src=\"https:\/\/www.mobitrac.eu\/wp-content\/uploads\/2020\/02\/IMG_0804-300x225.jpeg\" alt=\"IMG_0804\" width=\"300\" height=\"225\" srcset=\"https:\/\/www.mobitrac.eu\/wp-content\/uploads\/2020\/02\/IMG_0804-300x225.jpeg 300w, https:\/\/www.mobitrac.eu\/wp-content\/uploads\/2020\/02\/IMG_0804-768x576.jpeg 768w, https:\/\/www.mobitrac.eu\/wp-content\/uploads\/2020\/02\/IMG_0804-1030x773.jpeg 1030w, https:\/\/www.mobitrac.eu\/wp-content\/uploads\/2020\/02\/IMG_0804-1500x1125.jpeg 1500w, https:\/\/www.mobitrac.eu\/wp-content\/uploads\/2020\/02\/IMG_0804-705x529.jpeg 705w, https:\/\/www.mobitrac.eu\/wp-content\/uploads\/2020\/02\/IMG_0804-450x338.jpeg 450w\" sizes=\"(max-width: 300px) 100vw, 300px\" \/><\/a><\/h5>\n<hr \/>\n<h5><\/h5>\n<h5>Details<\/h5>\n<ul>\n<li>Peso : 60\u00a0kg<\/li>\n<li>Ancho : 2,10 m<\/li>\n<li>Profundidad : 0 &#8211; 1,00 m<\/li>\n<\/ul>\n            <\/div>        <\/div>    <\/div><\/section>\n<section class=\"av_toggle_section\"  itemscope=\"itemscope\" itemtype=\"https:\/\/schema.org\/CreativeWork\"  >    <div role=\"tablist\" class=\"single_toggle\" data-tags=\"{Todo} \"  >        <p data-fake-id=\"#toggle-id-2\" class=\"toggler \"  itemprop=\"headline\"    role=\"tab\" tabindex=\"0\" aria-controls=\"toggle-id-2\">MB-F 409<span class=\"toggle_icon\" >        <span class=\"vert_icon\"><\/span><span class=\"hor_icon\"><\/span><\/span><\/p>        <div id=\"toggle-id-2\" class=\"toggle_wrap \"   >            <div class=\"toggle_content invers-color \"  itemprop=\"text\"   ><h5>Details<\/h5>\n<ul>\n<li>Peso : 65 kg<\/li>\n<li>Ancho : 2,10 &#8211; 4,0 m<\/li>\n<li>Profundidad : 0 &#8211; 1,50 m<\/li>\n<\/ul>\n            <\/div>        <\/div>    <\/div><\/section>\n<section class=\"av_toggle_section\"  itemscope=\"itemscope\" itemtype=\"https:\/\/schema.org\/CreativeWork\"  >    <div role=\"tablist\" class=\"single_toggle\" data-tags=\"{Todo} \"  >        <p data-fake-id=\"#toggle-id-3\" class=\"toggler \"  itemprop=\"headline\"    role=\"tab\" tabindex=\"0\" aria-controls=\"toggle-id-3\">MB-Z 170<span class=\"toggle_icon\" >        <span class=\"vert_icon\"><\/span><span class=\"hor_icon\"><\/span><\/span><\/p>        <div id=\"toggle-id-3\" class=\"toggle_wrap \"   >            <div class=\"toggle_content invers-color \"  itemprop=\"text\"   ><h5>Details<\/h5>\n<ul>\n<li>Peso : 75 kg<\/li>\n<li>Ancho : 1,70 m<\/li>\n<li>Profundidad : 0,50 m<\/li>\n<\/ul>\n            <\/div>        <\/div>    <\/div><\/section>\n<\/div><\/p><\/div><\/div><\/div><\/div><!-- close content main div --><\/div><\/div><div id='av_section_1'  class='avia-section main_color avia-section-default avia-no-shadow  avia-bg-style-scroll  avia-builder-el-8  el_after_av_one_third  avia-builder-el-last   container_wrap sidebar_right' style='background-color: #f2f2f2;  '  ><div class='container' ><div class='template-page content  av-content-small alpha units'><div class='post-entry post-entry-type-page post-entry-190'><div class='entry-content-wrapper clearfix'>\n<div class=\"flex_column av_two_third  flex_column_div first  avia-builder-el-9  el_before_av_one_third  avia-builder-el-first  \" ><p><div  style='padding-bottom:10px; ' class='av-special-heading av-special-heading-h3    avia-builder-el-10  el_before_av_textblock  avia-builder-el-first  '><h3 class='av-special-heading-tag '  itemprop=\"headline\"  >Recolecta<\/h3><div class='special-heading-border'><div class='special-heading-inner-border' ><\/div><\/div><\/div><br \/>\n<section class=\"av_textblock_section \"  itemscope=\"itemscope\" itemtype=\"https:\/\/schema.org\/CreativeWork\" ><div class='avia_textblock  '   itemprop=\"text\" ><p>El MR-R350 es un rastrillo est\u00e1ndar que se puede desplegar desde los 2 metros hasta 3,5 metros. Esta herramienta se puede utilizar para recoger y transportar todo elmaterial cortado o segado hasta el lugar deseado. Si se requiere tambi\u00e9n se puede instalar una red de acero fino para el drenaje en el rastrillo, para recoger algas, basura, etc.. escurriendo el agua. Tambi\u00e9n se puede utilizar para recoger espesantes utilizados cuando hay vertidos de aceites, combustibles, etc..<\/p>\n<p>El modelo MR-R209 se utiliza para cuando hay material cortado en la orilla.Ayuda a rastrillar plantas y todo tipo de material cortado anteriormente.<\/p>\n<h3>Aplicaci\u00f3n:<\/h3>\n<p>La recolecci\u00f3n de las plantas o hierbas cortadas es muy importante, tanto como el proceso de corte. Si se dejan en el agua o en la orilla se convertir\u00e1n en fertilizante para otros organismos nocivos.As\u00ed pues es recomendable retirarlas lo antes posible.<\/p>\n<\/div><\/section><\/p><\/div><div class=\"flex_column av_one_third  flex_column_div   avia-builder-el-12  el_after_av_two_third  avia-builder-el-last  \" ><p><div  style='padding-bottom:10px; ' class='av-special-heading av-special-heading-h3    avia-builder-el-13  el_before_av_toggle_container  avia-builder-el-first  '><h3 class='av-special-heading-tag '  itemprop=\"headline\"  >Rastrillos<\/h3><div class='special-heading-border'><div class='special-heading-inner-border' ><\/div><\/div><\/div><br \/>\n<div   class=\"togglecontainer   toggle_close_all  avia-builder-el-14  el_after_av_heading  avia-builder-el-last \" >\n<section class=\"av_toggle_section\"  itemscope=\"itemscope\" itemtype=\"https:\/\/schema.org\/CreativeWork\"  >    <div role=\"tablist\" class=\"single_toggle\" data-tags=\"{Todo} \"  >        <p data-fake-id=\"#toggle-id-4\" class=\"toggler activeTitle\"  itemprop=\"headline\"    role=\"tab\" tabindex=\"0\" aria-controls=\"toggle-id-4\">MR-R350 Rastrillo recolector<span class=\"toggle_icon\" >        <span class=\"vert_icon\"><\/span><span class=\"hor_icon\"><\/span><\/span><\/p>        <div id=\"toggle-id-4\" class=\"toggle_wrap active_tc\"  style='display:block;' >            <div class=\"toggle_content invers-color \"  itemprop=\"text\"   ><h5><a href=\"http:\/\/dev.picoba.nl\/wp-content\/uploads\/2015\/03\/recolecta-afb11.png\"><img decoding=\"async\" loading=\"lazy\" class=\"alignnone size-full wp-image-548\" src=\"http:\/\/dev.picoba.nl\/wp-content\/uploads\/2015\/03\/recolecta-afb11.png\" alt=\"recolecta-afb1\" width=\"236\" height=\"149\" \/><\/a><\/h5>\n<hr \/>\n<h5>Details<\/h5>\n<ul>\n<li>Medidas 11.5 pies \/ 2 &#8211; 3,50 m<\/li>\n<li>Peso 80 kg<\/li>\n<\/ul>\n            <\/div>        <\/div>    <\/div><\/section>\n<section class=\"av_toggle_section\"  itemscope=\"itemscope\" itemtype=\"https:\/\/schema.org\/CreativeWork\"  >    <div role=\"tablist\" class=\"single_toggle\" data-tags=\"{Todo} \"  >        <p data-fake-id=\"#toggle-id-5\" class=\"toggler \"  itemprop=\"headline\"    role=\"tab\" tabindex=\"0\" aria-controls=\"toggle-id-5\">MR-R209 Rastrillo barredor<span class=\"toggle_icon\" >        <span class=\"vert_icon\"><\/span><span class=\"hor_icon\"><\/span><\/span><\/p>        <div id=\"toggle-id-5\" class=\"toggle_wrap \"   >            <div class=\"toggle_content invers-color \"  itemprop=\"text\"   ><h5>Details<\/h5>\n<ul>\n<li>Medidas 2,10 m<\/li>\n<li>Peso 30 kg<\/li>\n<\/ul>\n            <\/div>        <\/div>    <\/div><\/section>\n<\/div><\/p><\/div>\n<\/div><\/div><\/div><!-- close content main div --><\/div><\/div><div id='after_section_1'  class='main_color av_default_container_wrap container_wrap sidebar_right' style=' '  ><div class='container' ><div class='template-page content  av-content-small alpha units'><div class='post-entry post-entry-type-page post-entry-190'><div class='entry-content-wrapper clearfix'><\/p>\n","protected":false},"excerpt":{"rendered":"","protected":false},"author":2,"featured_media":0,"parent":181,"menu_order":0,"comment_status":"open","ping_status":"closed","template":"","meta":{"footnotes":""},"yoast_head":"<!-- This site is optimized with the Yoast SEO plugin v21.1 - https:\/\/yoast.com\/wordpress\/plugins\/seo\/ -->\n<title>Segadora \/ Recolecta - Mobitrac<\/title>\n<meta name=\"robots\" content=\"index, follow, max-snippet:-1, max-image-preview:large, max-video-preview:-1\" \/>\n<link rel=\"canonical\" href=\"https:\/\/www.mobitrac.eu\/tools\/mowing-harvesting\/\" \/>\n<meta property=\"og:locale\" content=\"es_ES\" \/>\n<meta property=\"og:type\" content=\"article\" \/>\n<meta property=\"og:title\" content=\"Segadora \/ Recolecta - Mobitrac\" \/>\n<meta property=\"og:url\" content=\"https:\/\/www.mobitrac.eu\/tools\/mowing-harvesting\/\" \/>\n<meta property=\"og:site_name\" content=\"Mobitrac\" \/>\n<meta property=\"article:modified_time\" content=\"2020-09-11T14:57:45+00:00\" \/>\n<meta property=\"og:image\" content=\"https:\/\/www.mobitrac.eu\/wp-content\/uploads\/2020\/02\/IMG_0804-300x225.jpeg\" \/>\n<meta name=\"twitter:label1\" content=\"Tiempo de lectura\" \/>\n\t<meta name=\"twitter:data1\" content=\"4 minutos\" \/>\n<script type=\"application\/ld+json\" class=\"yoast-schema-graph\">{\"@context\":\"https:\/\/schema.org\",\"@graph\":[{\"@type\":\"WebPage\",\"@id\":\"https:\/\/www.mobitrac.eu\/tools\/mowing-harvesting\/\",\"url\":\"https:\/\/www.mobitrac.eu\/tools\/mowing-harvesting\/\",\"name\":\"Segadora \/ Recolecta - Mobitrac\",\"isPartOf\":{\"@id\":\"https:\/\/www.mobitrac.eu\/#website\"},\"datePublished\":\"2015-03-16T20:05:19+00:00\",\"dateModified\":\"2020-09-11T14:57:45+00:00\",\"breadcrumb\":{\"@id\":\"https:\/\/www.mobitrac.eu\/tools\/mowing-harvesting\/#breadcrumb\"},\"inLanguage\":\"es\",\"potentialAction\":[{\"@type\":\"ReadAction\",\"target\":[\"https:\/\/www.mobitrac.eu\/tools\/mowing-harvesting\/\"]}]},{\"@type\":\"BreadcrumbList\",\"@id\":\"https:\/\/www.mobitrac.eu\/tools\/mowing-harvesting\/#breadcrumb\",\"itemListElement\":[{\"@type\":\"ListItem\",\"position\":1,\"name\":\"Home\",\"item\":\"https:\/\/www.mobitrac.eu\/es\/\"},{\"@type\":\"ListItem\",\"position\":2,\"name\":\"Tools\",\"item\":\"https:\/\/www.mobitrac.eu\/tools\/\"},{\"@type\":\"ListItem\",\"position\":3,\"name\":\"Segadora \/ Recolecta\"}]},{\"@type\":\"WebSite\",\"@id\":\"https:\/\/www.mobitrac.eu\/#website\",\"url\":\"https:\/\/www.mobitrac.eu\/\",\"name\":\"Mobitrac\",\"description\":\"\",\"potentialAction\":[{\"@type\":\"SearchAction\",\"target\":{\"@type\":\"EntryPoint\",\"urlTemplate\":\"https:\/\/www.mobitrac.eu\/?s={search_term_string}\"},\"query-input\":\"required name=search_term_string\"}],\"inLanguage\":\"es\"}]}<\/script>\n<!-- \/ Yoast SEO plugin. -->","yoast_head_json":{"title":"Segadora \/ Recolecta - Mobitrac","robots":{"index":"index","follow":"follow","max-snippet":"max-snippet:-1","max-image-preview":"max-image-preview:large","max-video-preview":"max-video-preview:-1"},"canonical":"https:\/\/www.mobitrac.eu\/tools\/mowing-harvesting\/","og_locale":"es_ES","og_type":"article","og_title":"Segadora \/ Recolecta - Mobitrac","og_url":"https:\/\/www.mobitrac.eu\/tools\/mowing-harvesting\/","og_site_name":"Mobitrac","article_modified_time":"2020-09-11T14:57:45+00:00","og_image":[{"url":"https:\/\/www.mobitrac.eu\/wp-content\/uploads\/2020\/02\/IMG_0804-300x225.jpeg"}],"twitter_misc":{"Tiempo de lectura":"4 minutos"},"schema":{"@context":"https:\/\/schema.org","@graph":[{"@type":"WebPage","@id":"https:\/\/www.mobitrac.eu\/tools\/mowing-harvesting\/","url":"https:\/\/www.mobitrac.eu\/tools\/mowing-harvesting\/","name":"Segadora \/ Recolecta - Mobitrac","isPartOf":{"@id":"https:\/\/www.mobitrac.eu\/#website"},"datePublished":"2015-03-16T20:05:19+00:00","dateModified":"2020-09-11T14:57:45+00:00","breadcrumb":{"@id":"https:\/\/www.mobitrac.eu\/tools\/mowing-harvesting\/#breadcrumb"},"inLanguage":"es","potentialAction":[{"@type":"ReadAction","target":["https:\/\/www.mobitrac.eu\/tools\/mowing-harvesting\/"]}]},{"@type":"BreadcrumbList","@id":"https:\/\/www.mobitrac.eu\/tools\/mowing-harvesting\/#breadcrumb","itemListElement":[{"@type":"ListItem","position":1,"name":"Home","item":"https:\/\/www.mobitrac.eu\/es\/"},{"@type":"ListItem","position":2,"name":"Tools","item":"https:\/\/www.mobitrac.eu\/tools\/"},{"@type":"ListItem","position":3,"name":"Segadora \/ Recolecta"}]},{"@type":"WebSite","@id":"https:\/\/www.mobitrac.eu\/#website","url":"https:\/\/www.mobitrac.eu\/","name":"Mobitrac","description":"","potentialAction":[{"@type":"SearchAction","target":{"@type":"EntryPoint","urlTemplate":"https:\/\/www.mobitrac.eu\/?s={search_term_string}"},"query-input":"required name=search_term_string"}],"inLanguage":"es"}]}},"_links":{"self":[{"href":"https:\/\/www.mobitrac.eu\/es\/wp-json\/wp\/v2\/pages\/190"}],"collection":[{"href":"https:\/\/www.mobitrac.eu\/es\/wp-json\/wp\/v2\/pages"}],"about":[{"href":"https:\/\/www.mobitrac.eu\/es\/wp-json\/wp\/v2\/types\/page"}],"author":[{"embeddable":true,"href":"https:\/\/www.mobitrac.eu\/es\/wp-json\/wp\/v2\/users\/2"}],"replies":[{"embeddable":true,"href":"https:\/\/www.mobitrac.eu\/es\/wp-json\/wp\/v2\/comments?post=190"}],"version-history":[{"count":11,"href":"https:\/\/www.mobitrac.eu\/es\/wp-json\/wp\/v2\/pages\/190\/revisions"}],"predecessor-version":[{"id":1657,"href":"https:\/\/www.mobitrac.eu\/es\/wp-json\/wp\/v2\/pages\/190\/revisions\/1657"}],"up":[{"embeddable":true,"href":"https:\/\/www.mobitrac.eu\/es\/wp-json\/wp\/v2\/pages\/181"}],"wp:attachment":[{"href":"https:\/\/www.mobitrac.eu\/es\/wp-json\/wp\/v2\/media?parent=190"}],"curies":[{"name":"wp","href":"https:\/\/api.w.org\/{rel}","templated":true}]}}