{"id":141,"date":"2015-03-20T16:53:03","date_gmt":"2015-03-20T15:53:03","guid":{"rendered":"http:\/\/dev.picoba.nl\/?page_id=141"},"modified":"2019-01-10T09:48:08","modified_gmt":"2019-01-10T08:48:08","slug":"la-societe","status":"publish","type":"page","link":"https:\/\/www.mobitrac.eu\/fr\/la-societe\/","title":{"rendered":"La soci\u00e9t\u00e9"},"content":{"rendered":"<div id='layer_slider_1'  class='avia-layerslider main_color avia-shadow  avia-builder-el-0  el_before_av_heading  avia-builder-el-first  container_wrap sidebar_right' style='  height: 151px;' ><\/div><div id='after_layer_slider_1'  class='main_color av_default_container_wrap container_wrap sidebar_right' style=' '  ><div class='container' ><div class='template-page content  av-content-small alpha units'><div class='post-entry post-entry-type-page post-entry-141'><div class='entry-content-wrapper clearfix'>\n<div  style='padding-bottom:10px; ' class='av-special-heading av-special-heading-h2    avia-builder-el-1  el_after_av_layerslider  el_before_av_one_half  avia-builder-el-first  '><h2 class='av-special-heading-tag '  itemprop=\"headline\"  >La soci\u00e9t\u00e9<\/h2><div class='special-heading-border'><div class='special-heading-inner-border' ><\/div><\/div><\/div>\n<div class=\"flex_column av_one_half  flex_column_div first  avia-builder-el-2  el_after_av_heading  el_before_av_one_half  \" ><section class=\"av_textblock_section \"  itemscope=\"itemscope\" itemtype=\"https:\/\/schema.org\/CreativeWork\" ><div class='avia_textblock  '   itemprop=\"text\" ><p>La soci\u00e9t\u00e9\u00a0\u00e0 \u00e9t\u00e9 cr\u00e9e en 1985. Depuis le groupe MOBITRAC\u00a0s&rsquo;est sp\u00e9cialis\u00e9 dans le d\u00e9veloppement d&rsquo;engins pour la maintenance et le nettoyage de surfaces aquatiques tels que les plans d&rsquo;eau, lacs, ports, zones humides, r\u00e9serves naturelles, marais, roseli\u00e8res, cours d&rsquo;eau, etc.<\/p>\n<p>Le groupe dispose de deux branches d&rsquo;activit\u00e9s qui sont l&rsquo;ing\u00e9nierie et le d\u00e9veloppement de solutions sp\u00e9cifiques.<\/p>\n<p>Notre exp\u00e9rience et notre relation client\u00e8le nous permet de mettre au point des engins performants et innovants r\u00e9pondant aux besoins sp\u00e9cifiques de nos clients tout en assurant une qualit\u00e9 de fabrication et une productivit\u00e9 in\u00e9gal\u00e9e.<\/p>\n<\/div><\/section><\/div><div class=\"flex_column av_one_half  flex_column_div av-zero-column-padding   avia-builder-el-4  el_after_av_one_half  el_before_av_section  avia-builder-el-last  \" style='border-radius:0px; '><div   data-size='shop_catalog'  data-lightbox_size='large'  data-animation='slide'  data-conditional_play=''  data-ids='94,95,96,97,98,99'  data-video_counter='0'  data-autoplay='false'  data-bg_slider='false'  data-slide_height=''  data-handle='av_slideshow'  data-interval='5'  data-class=' avia-builder-el-5  avia-builder-el-no-sibling  '  data-el_id=''  data-css_id=''  data-scroll_down=''  data-control_layout=''  data-custom_markup=''  data-perma_caption=''  data-autoplay_stopper=''  data-image_attachment=''  data-min_height='0px'  data-lazy_loading='disabled'  class='avia-slideshow avia-slideshow-1  av-default-height-applied avia-slideshow-shop_catalog av_slideshow  avia-builder-el-5  avia-builder-el-no-sibling   avia-slide-slider '  itemprop=\"image\" itemscope=\"itemscope\" itemtype=\"https:\/\/schema.org\/ImageObject\" ><ul class='avia-slideshow-inner ' style='padding-bottom: 100%;' ><li  class=' slide-1 ' ><div data-rel='slideshow-1' class='avia-slide-wrap '   ><img class=\"wp-image-747 avia-img-lazy-loading-not-747\"  src='https:\/\/www.mobitrac.eu\/wp-content\/uploads\/2015\/03\/359-450x450.jpg' width='450' height='450' title='359' alt=''  itemprop=\"thumbnailUrl\"   \/><\/div><\/li><li  class=' slide-2 ' ><div data-rel='slideshow-1' class='avia-slide-wrap '   ><img class=\"wp-image-750 avia-img-lazy-loading-not-750\"  src='https:\/\/www.mobitrac.eu\/wp-content\/uploads\/2015\/03\/IMG_79811-450x450.jpg' width='450' height='450' title='IMG_7981' alt=''  itemprop=\"thumbnailUrl\"   \/><\/div><\/li><li  class=' slide-3 ' ><div data-rel='slideshow-1' class='avia-slide-wrap '   ><img class=\"wp-image-753 avia-img-lazy-loading-not-753\"  src='https:\/\/www.mobitrac.eu\/wp-content\/uploads\/2015\/03\/IMG_79831-450x450.jpg' width='450' height='450' title='IMG_7983' alt=''  itemprop=\"thumbnailUrl\"   \/><\/div><\/li><li  class=' slide-4 ' ><div data-rel='slideshow-1' class='avia-slide-wrap '   ><img class=\"wp-image-756 avia-img-lazy-loading-not-756\"  src='https:\/\/www.mobitrac.eu\/wp-content\/uploads\/2015\/03\/IMG_79901-450x450.jpg' width='450' height='450' title='IMG_7990' alt=''  itemprop=\"thumbnailUrl\"   \/><\/div><\/li><li  class=' slide-5 ' ><div data-rel='slideshow-1' class='avia-slide-wrap '   ><img class=\"wp-image-759 avia-img-lazy-loading-not-759\"  src='https:\/\/www.mobitrac.eu\/wp-content\/uploads\/2015\/03\/IMG_79911-450x450.jpg' width='450' height='450' title='IMG_7991' alt=''  itemprop=\"thumbnailUrl\"   \/><\/div><\/li><li  class=' slide-6 ' ><div data-rel='slideshow-1' class='avia-slide-wrap '   ><img class=\"wp-image-762 avia-img-lazy-loading-not-762\"  src='https:\/\/www.mobitrac.eu\/wp-content\/uploads\/2015\/03\/IMG_91301-450x450.jpg' width='450' height='450' title='IMG_9130' alt=''  itemprop=\"thumbnailUrl\"   \/><\/div><\/li><\/ul><div class='avia-slideshow-arrows avia-slideshow-controls' ><a href='#prev' class='prev-slide ' aria-hidden='true' data-av_icon='\ue87c' data-av_iconfont='entypo-fontello' aria-hidden='true' tabindex='-1'>Pr\u00e9c\u00e9dent<\/a><a href='#next' class='next-slide ' aria-hidden='true' data-av_icon='\ue87d' data-av_iconfont='entypo-fontello' aria-hidden='true' tabindex='-1'>Suivant<\/a><\/div><div class='avia-slideshow-dots avia-slideshow-controls'><a href='#1' class='goto-slide active' >1<\/a><a href='#2' class='goto-slide ' >2<\/a><a href='#3' class='goto-slide ' >3<\/a><a href='#4' class='goto-slide ' >4<\/a><a href='#5' class='goto-slide ' >5<\/a><a href='#6' class='goto-slide ' >6<\/a><\/div><\/div><\/div><\/p>\n<\/div><\/div><\/div><!-- close content main div --><\/div><\/div><div id='av_section_1'  class='avia-section main_color avia-section-default avia-shadow  avia-bg-style-scroll  avia-builder-el-6  el_after_av_one_half  avia-builder-el-last   container_wrap sidebar_right' style='background-color: #f7f7f7;  '  ><div class='container' ><div class='template-page content  av-content-small alpha units'><div class='post-entry post-entry-type-page post-entry-141'><div class='entry-content-wrapper clearfix'>\n<div class=\"flex_column av_one_fourth  flex_column_div first  avia-builder-el-7  el_before_av_one_fourth  avia-builder-el-first  \" ><p><div  style='padding-bottom:10px; ' class='av-special-heading av-special-heading-h3    avia-builder-el-8  el_before_av_textblock  avia-builder-el-first  '><h3 class='av-special-heading-tag '  itemprop=\"headline\"  >Turn Key Solutions<\/h3><div class='special-heading-border'><div class='special-heading-inner-border' ><\/div><\/div><\/div><br \/>\n<section class=\"av_textblock_section \"  itemscope=\"itemscope\" itemtype=\"https:\/\/schema.org\/CreativeWork\" ><div class='avia_textblock  '   itemprop=\"text\" ><p>Standard or built to suit your needs!<\/p>\n<p>In recent years a trend has MOBARN know access attempts to build. According to the wishes of the customer<\/p>\n<ul>\n<li>custom built<\/li>\n<li>Standard equipment<\/li>\n<li>3 diesel engines<\/li>\n<li>One or two joysticks to control<\/li>\n<li>Choice of type of chair<\/li>\n<li>Lighting<\/li>\n<li>horn<\/li>\n<li>Higher hydraulic capacity<\/li>\n<\/ul>\n<\/div><\/section><\/p><\/div><div class=\"flex_column av_one_fourth  flex_column_div   avia-builder-el-10  el_after_av_one_fourth  el_before_av_one_fourth  \" ><p><div  style='padding-bottom:10px; ' class='av-special-heading av-special-heading-h3    avia-builder-el-11  el_before_av_textblock  avia-builder-el-first  '><h3 class='av-special-heading-tag '  itemprop=\"headline\"  >Training<\/h3><div class='special-heading-border'><div class='special-heading-inner-border' ><\/div><\/div><\/div><br \/>\n<section class=\"av_textblock_section \"  itemscope=\"itemscope\" itemtype=\"https:\/\/schema.org\/CreativeWork\" ><div class='avia_textblock  '   itemprop=\"text\" ><p>How does one with Mobitrac order!<\/p>\n<ul>\n<li>Workout<\/li>\n<li>Safety<\/li>\n<li>Control of the machine<\/li>\n<li>Maintenance<\/li>\n<\/ul>\n<p>Our company in Weesp, Netherlands, has all the facilities in order to give your people the proper training and guidance; safety, operation and maintenance of the MOBITRAC.<\/p>\n<p>This is to make sure that you can use. More fun and a longer time MOBITRAC<\/p>\n<\/div><\/section><\/p><\/div><div class=\"flex_column av_one_fourth  flex_column_div   avia-builder-el-13  el_after_av_one_fourth  el_before_av_one_fourth  \" ><p><div  style='padding-bottom:10px; ' class='av-special-heading av-special-heading-h3    avia-builder-el-14  el_before_av_textblock  avia-builder-el-first  '><h3 class='av-special-heading-tag '  itemprop=\"headline\"  >Purchases<\/h3><div class='special-heading-border'><div class='special-heading-inner-border' ><\/div><\/div><\/div><br \/>\n<section class=\"av_textblock_section \"  itemscope=\"itemscope\" itemtype=\"https:\/\/schema.org\/CreativeWork\" ><div class='avia_textblock  '   itemprop=\"text\" ><p>How can a MOBITRAC and equipment purchases? This is possible in various ways<\/p>\n<ul>\n<li>With your own funds\u00a0or<\/li>\n<li>Using financiers<\/li>\n<\/ul>\n<p>On request, we can possibly assist you in finding the right financial partner \/ bank to buy the machine for you<\/p>\n<\/div><\/section><\/p><\/div><div class=\"flex_column av_one_fourth  flex_column_div   avia-builder-el-16  el_after_av_one_fourth  avia-builder-el-last  \" ><p><div  style='padding-bottom:10px; ' class='av-special-heading av-special-heading-h3    avia-builder-el-17  el_before_av_textblock  avia-builder-el-first  '><h3 class='av-special-heading-tag '  itemprop=\"headline\"  >Rental<\/h3><div class='special-heading-border'><div class='special-heading-inner-border' ><\/div><\/div><\/div><br \/>\n<section class=\"av_textblock_section \"  itemscope=\"itemscope\" itemtype=\"https:\/\/schema.org\/CreativeWork\" ><div class='avia_textblock  '   itemprop=\"text\" ><p>MOBARN has several rental options that could be\u00a0discussed:<\/p>\n<ul>\n<li>Rent includes machine operation<\/li>\n<li>Rental unit without control \u2028 (in consultation, and depending on the type of work<\/li>\n<li>Rent with the option to purchase the equipment in question, including<\/li>\n<\/ul>\n<\/div><\/section><\/p><\/div>\n<\/div><\/div><\/div><!-- close content main div --><\/div><\/div><div id='after_section_1'  class='main_color av_default_container_wrap container_wrap sidebar_right' style=' '  ><div class='container' ><div class='template-page content  av-content-small alpha units'><div class='post-entry post-entry-type-page post-entry-141'><div class='entry-content-wrapper clearfix'>\n","protected":false},"excerpt":{"rendered":"","protected":false},"author":2,"featured_media":0,"parent":0,"menu_order":0,"comment_status":"open","ping_status":"closed","template":"","meta":{"footnotes":""},"yoast_head":"<!-- This site is optimized with the Yoast SEO plugin v21.1 - https:\/\/yoast.com\/wordpress\/plugins\/seo\/ -->\n<title>La soci\u00e9t\u00e9 - Mobitrac<\/title>\n<meta name=\"robots\" content=\"index, follow, max-snippet:-1, max-image-preview:large, max-video-preview:-1\" \/>\n<link rel=\"canonical\" href=\"https:\/\/www.mobitrac.eu\/company\/\" \/>\n<meta property=\"og:locale\" content=\"fr_FR\" \/>\n<meta property=\"og:type\" content=\"article\" \/>\n<meta property=\"og:title\" content=\"La soci\u00e9t\u00e9 - Mobitrac\" \/>\n<meta property=\"og:url\" content=\"https:\/\/www.mobitrac.eu\/company\/\" \/>\n<meta property=\"og:site_name\" content=\"Mobitrac\" \/>\n<meta property=\"article:modified_time\" content=\"2019-01-10T08:48:08+00:00\" \/>\n<meta name=\"twitter:label1\" content=\"Dur\u00e9e de lecture estim\u00e9e\" \/>\n\t<meta name=\"twitter:data1\" content=\"3 minutes\" \/>\n<script type=\"application\/ld+json\" class=\"yoast-schema-graph\">{\"@context\":\"https:\/\/schema.org\",\"@graph\":[{\"@type\":\"WebPage\",\"@id\":\"https:\/\/www.mobitrac.eu\/company\/\",\"url\":\"https:\/\/www.mobitrac.eu\/company\/\",\"name\":\"La soci\u00e9t\u00e9 - Mobitrac\",\"isPartOf\":{\"@id\":\"https:\/\/www.mobitrac.eu\/#website\"},\"datePublished\":\"2015-03-20T15:53:03+00:00\",\"dateModified\":\"2019-01-10T08:48:08+00:00\",\"breadcrumb\":{\"@id\":\"https:\/\/www.mobitrac.eu\/company\/#breadcrumb\"},\"inLanguage\":\"fr-FR\",\"potentialAction\":[{\"@type\":\"ReadAction\",\"target\":[\"https:\/\/www.mobitrac.eu\/company\/\"]}]},{\"@type\":\"BreadcrumbList\",\"@id\":\"https:\/\/www.mobitrac.eu\/company\/#breadcrumb\",\"itemListElement\":[{\"@type\":\"ListItem\",\"position\":1,\"name\":\"Home\",\"item\":\"https:\/\/www.mobitrac.eu\/\"},{\"@type\":\"ListItem\",\"position\":2,\"name\":\"La soci\u00e9t\u00e9\"}]},{\"@type\":\"WebSite\",\"@id\":\"https:\/\/www.mobitrac.eu\/#website\",\"url\":\"https:\/\/www.mobitrac.eu\/\",\"name\":\"Mobitrac\",\"description\":\"\",\"potentialAction\":[{\"@type\":\"SearchAction\",\"target\":{\"@type\":\"EntryPoint\",\"urlTemplate\":\"https:\/\/www.mobitrac.eu\/?s={search_term_string}\"},\"query-input\":\"required name=search_term_string\"}],\"inLanguage\":\"fr-FR\"}]}<\/script>\n<!-- \/ Yoast SEO plugin. -->","yoast_head_json":{"title":"La soci\u00e9t\u00e9 - Mobitrac","robots":{"index":"index","follow":"follow","max-snippet":"max-snippet:-1","max-image-preview":"max-image-preview:large","max-video-preview":"max-video-preview:-1"},"canonical":"https:\/\/www.mobitrac.eu\/company\/","og_locale":"fr_FR","og_type":"article","og_title":"La soci\u00e9t\u00e9 - Mobitrac","og_url":"https:\/\/www.mobitrac.eu\/company\/","og_site_name":"Mobitrac","article_modified_time":"2019-01-10T08:48:08+00:00","twitter_misc":{"Dur\u00e9e de lecture estim\u00e9e":"3 minutes"},"schema":{"@context":"https:\/\/schema.org","@graph":[{"@type":"WebPage","@id":"https:\/\/www.mobitrac.eu\/company\/","url":"https:\/\/www.mobitrac.eu\/company\/","name":"La soci\u00e9t\u00e9 - Mobitrac","isPartOf":{"@id":"https:\/\/www.mobitrac.eu\/#website"},"datePublished":"2015-03-20T15:53:03+00:00","dateModified":"2019-01-10T08:48:08+00:00","breadcrumb":{"@id":"https:\/\/www.mobitrac.eu\/company\/#breadcrumb"},"inLanguage":"fr-FR","potentialAction":[{"@type":"ReadAction","target":["https:\/\/www.mobitrac.eu\/company\/"]}]},{"@type":"BreadcrumbList","@id":"https:\/\/www.mobitrac.eu\/company\/#breadcrumb","itemListElement":[{"@type":"ListItem","position":1,"name":"Home","item":"https:\/\/www.mobitrac.eu\/"},{"@type":"ListItem","position":2,"name":"La soci\u00e9t\u00e9"}]},{"@type":"WebSite","@id":"https:\/\/www.mobitrac.eu\/#website","url":"https:\/\/www.mobitrac.eu\/","name":"Mobitrac","description":"","potentialAction":[{"@type":"SearchAction","target":{"@type":"EntryPoint","urlTemplate":"https:\/\/www.mobitrac.eu\/?s={search_term_string}"},"query-input":"required name=search_term_string"}],"inLanguage":"fr-FR"}]}},"_links":{"self":[{"href":"https:\/\/www.mobitrac.eu\/fr\/wp-json\/wp\/v2\/pages\/141"}],"collection":[{"href":"https:\/\/www.mobitrac.eu\/fr\/wp-json\/wp\/v2\/pages"}],"about":[{"href":"https:\/\/www.mobitrac.eu\/fr\/wp-json\/wp\/v2\/types\/page"}],"author":[{"embeddable":true,"href":"https:\/\/www.mobitrac.eu\/fr\/wp-json\/wp\/v2\/users\/2"}],"replies":[{"embeddable":true,"href":"https:\/\/www.mobitrac.eu\/fr\/wp-json\/wp\/v2\/comments?post=141"}],"version-history":[{"count":6,"href":"https:\/\/www.mobitrac.eu\/fr\/wp-json\/wp\/v2\/pages\/141\/revisions"}],"predecessor-version":[{"id":1510,"href":"https:\/\/www.mobitrac.eu\/fr\/wp-json\/wp\/v2\/pages\/141\/revisions\/1510"}],"wp:attachment":[{"href":"https:\/\/www.mobitrac.eu\/fr\/wp-json\/wp\/v2\/media?parent=141"}],"curies":[{"name":"wp","href":"https:\/\/api.w.org\/{rel}","templated":true}]}}