{"id":148,"date":"2015-03-20T17:01:11","date_gmt":"2015-03-20T16:01:11","guid":{"rendered":"http:\/\/dev.picoba.nl\/?page_id=148"},"modified":"2015-09-29T16:15:01","modified_gmt":"2015-09-29T15:15:01","slug":"specifications","status":"publish","type":"page","link":"https:\/\/www.mobitrac.eu\/fr\/specifications\/","title":{"rendered":"Sp\u00e9cifications"},"content":{"rendered":"<div id='layer_slider_1'  class='avia-layerslider main_color avia-shadow  avia-builder-el-0  el_before_av_one_full  avia-builder-el-first  container_wrap sidebar_right' style='  height: 151px;' ><\/div><div id='after_layer_slider_1'  class='main_color av_default_container_wrap container_wrap sidebar_right' style=' '  ><div class='container' ><div class='template-page content  av-content-small alpha units'><div class='post-entry post-entry-type-page post-entry-148'><div class='entry-content-wrapper clearfix'>\n<div class=\"flex_column av_one_full  flex_column_div first  avia-builder-el-1  el_after_av_layerslider  el_before_av_two_third  avia-builder-el-first  \" ><\/div>\n<div class=\"flex_column av_two_third  flex_column_div first  avia-builder-el-2  el_after_av_one_full  el_before_av_one_third  column-top-margin\" ><p><div  style='padding-bottom:10px; ' class='av-special-heading av-special-heading-h2    avia-builder-el-3  el_before_av_textblock  avia-builder-el-first  '><h2 class='av-special-heading-tag '  itemprop=\"headline\"  >Sp\u00e9cifications Techniquest<\/h2><div class='special-heading-border'><div class='special-heading-inner-border' ><\/div><\/div><\/div><br \/>\n<section class=\"av_textblock_section \"  itemscope=\"itemscope\" itemtype=\"https:\/\/schema.org\/CreativeWork\" ><div class='avia_textblock  '   itemprop=\"text\" ><p>This engine complies with EPA norms and has an excellent Torque Back-up.<br \/>\nThere is a visual indication when the engine overheats and by low oil pressure.<br \/>\nLow emissions, Low fuel consumption and Low noise.<\/p>\n<\/div><\/section><\/p><\/div>\n<div class=\"flex_column av_one_third  flex_column_div av-zero-column-padding   avia-builder-el-5  el_after_av_two_third  el_before_av_section  avia-builder-el-last  column-top-margin\" style='border-radius:0px; '><div  class='avia-image-container  av-styling-    avia-builder-el-6  avia-builder-el-no-sibling  avia-align-center '  itemprop=\"image\" itemscope=\"itemscope\" itemtype=\"https:\/\/schema.org\/ImageObject\"  ><div class='avia-image-container-inner'><div class='avia-image-overlay-wrap'><img class='wp-image-729 avia-img-lazy-loading-not-729 avia_image' src='https:\/\/www.mobitrac.eu\/wp-content\/uploads\/2015\/03\/IMG_9130-300x200.jpg' alt='' title='IMG_9130' height=\"200\" width=\"300\"  itemprop=\"thumbnailUrl\"  \/><\/div><\/div><\/div><\/div>\n<\/div><\/div><\/div><!-- close content main div --><\/div><\/div><div id='av_section_1'  class='avia-section main_color avia-section-default avia-shadow  avia-bg-style-scroll  avia-builder-el-7  el_after_av_one_third  avia-builder-el-last   av-arrow-down-section container_wrap sidebar_right' style='background-color: #f7f7f7;  '  ><div class='container' ><div class='template-page content  av-content-small alpha units'><div class='post-entry post-entry-type-page post-entry-148'><div class='entry-content-wrapper clearfix'>\n<div class=\"flex_column av_one_third  flex_column_div first  avia-builder-el-8  el_before_av_one_third  avia-builder-el-first  \" ><section class=\"av_textblock_section \"  itemscope=\"itemscope\" itemtype=\"https:\/\/schema.org\/CreativeWork\" ><div class='avia_textblock  '   itemprop=\"text\" ><h3>Moteur Diesel \u00e0 refroidissement liquide<\/h3>\n<p>Yanmar 3 cylindres 29.1 cv<br \/>\nEnvironnement classe Tier 4<\/p>\n<h3>Reservoir de gasoil<\/h3>\n<p>30L<\/p>\n<h3>Syst\u00e8me \u00e9lectrique<\/h3>\n<p>G\u00e9n\u00e9rateur et batterie de 12 V, 45 amp\u00e8res r\u00e9sistant aux chocs<\/p>\n<h3>Levage frontal<\/h3>\n<p>Puissance de levage de 250 kilos, Syst\u00e8me MB pour remplacement rapide des outils<\/p>\n<h3>Equipment<\/h3>\n<p>Feux de travail Choix<\/p>\n<h3>Dimensions et poids<\/h3>\n<p>Longueur 15&rsquo;4 ft (4.75 m)<br \/>\nLargeur 6&rsquo;9 ft (2.10 m)<br \/>\nHauteur 6&rsquo;9 ft (2.10 m)<br \/>\nPoids 2,799 lbs (1.270 kg)<\/p>\n<\/div><\/section><\/div><div class=\"flex_column av_one_third  flex_column_div av-zero-column-padding   avia-builder-el-10  el_after_av_one_third  el_before_av_one_third  \" style='border-radius:0px; '><section class=\"av_textblock_section \"  itemscope=\"itemscope\" itemtype=\"https:\/\/schema.org\/CreativeWork\" ><div class='avia_textblock  '   itemprop=\"text\" ><h3>Hydraulique<\/h3>\n<p>Pompes 2 x 21 cc<br \/>\nMoteurs 2 x 160 cc<br \/>\nPompes pour outils 8.5 cc or 11 cc<br \/>\nR\u00e9servoir hydraulique 70 ltr<br \/>\nLIMITEUR DE PUISSANCE<\/p>\n<h3>Ajustement du flux hydraulique<\/h3>\n<p>Ajustement du flux hydraulique de 0-38 litres<\/p>\n<h3>Syst\u00e8me de refroidissement<\/h3>\n<p>Radiateur combin\u00e9 pour le moteur et le syst\u00e8me\u00a0hydraulique<\/p>\n<h3>Joystick droit<\/h3>\n<p>Levage, pivotage et d\u00e9placement du centre de gravit\u00e9 du Mobitrac<\/p>\n<h3>Joystick gauche<\/h3>\n<p>Conduite du Mobitrac et des op\u00e9rations de coupe<\/p>\n<\/div><\/section><\/div><div class=\"flex_column av_one_third  flex_column_div av-zero-column-padding   avia-builder-el-12  el_after_av_one_third  avia-builder-el-last  \" style='border-radius:0px; '><section class=\"av_textblock_section \"  itemscope=\"itemscope\" itemtype=\"https:\/\/schema.org\/CreativeWork\" ><div class='avia_textblock  '   itemprop=\"text\" ><h3>Mat\u00e9riel<\/h3>\n<p>Pontons fabriqu\u00e9s en aluminium trait\u00e9 r\u00e9sistant \u00e0 l&rsquo;eau sal\u00e9e<br \/>\nLa structure acier est galvanis\u00e9e<br \/>\nLes autres pi\u00e8ces m\u00e9talliques sont laqu\u00e9es avec de la peinture en poudre<\/p>\n<h3>Environmental<\/h3>\n<p>Huile hydraulique Eco-label , type Panolin<br \/>\n(70 ltr) qui remplace l&rsquo;huile standard<br \/>\nHV-ISO 46<\/p>\n<h3><\/h3>\n<p>MOBITRAC is sold CE marked<\/p>\n<\/div><\/section><\/div><\/div><\/div><\/div><!-- close content main div --><\/div><div class='av-extra-border-element border-extra-arrow-down'><div class='av-extra-border-outer'><div class='av-extra-border-inner'  style='background-color:#f7f7f7;' ><\/div><\/div><\/div><\/div><div id='after_section_1'  class='main_color av_default_container_wrap container_wrap sidebar_right' style=' '  ><div class='container' ><div class='template-page content  av-content-small alpha units'><div class='post-entry post-entry-type-page post-entry-148'><div class='entry-content-wrapper clearfix'>\n","protected":false},"excerpt":{"rendered":"","protected":false},"author":2,"featured_media":0,"parent":0,"menu_order":0,"comment_status":"open","ping_status":"closed","template":"","meta":{"footnotes":""},"yoast_head":"<!-- This site is optimized with the Yoast SEO plugin v21.1 - https:\/\/yoast.com\/wordpress\/plugins\/seo\/ -->\n<title>Sp\u00e9cifications - Mobitrac<\/title>\n<meta name=\"robots\" content=\"index, follow, max-snippet:-1, max-image-preview:large, max-video-preview:-1\" \/>\n<link rel=\"canonical\" href=\"https:\/\/www.mobitrac.eu\/technical-details\/\" \/>\n<meta property=\"og:locale\" content=\"fr_FR\" \/>\n<meta property=\"og:type\" content=\"article\" \/>\n<meta property=\"og:title\" content=\"Sp\u00e9cifications - Mobitrac\" \/>\n<meta property=\"og:url\" content=\"https:\/\/www.mobitrac.eu\/technical-details\/\" \/>\n<meta property=\"og:site_name\" content=\"Mobitrac\" \/>\n<meta property=\"article:modified_time\" content=\"2015-09-29T15:15:01+00:00\" \/>\n<meta name=\"twitter:label1\" content=\"Dur\u00e9e de lecture estim\u00e9e\" \/>\n\t<meta name=\"twitter:data1\" content=\"3 minutes\" \/>\n<script type=\"application\/ld+json\" class=\"yoast-schema-graph\">{\"@context\":\"https:\/\/schema.org\",\"@graph\":[{\"@type\":\"WebPage\",\"@id\":\"https:\/\/www.mobitrac.eu\/technical-details\/\",\"url\":\"https:\/\/www.mobitrac.eu\/technical-details\/\",\"name\":\"Sp\u00e9cifications - Mobitrac\",\"isPartOf\":{\"@id\":\"https:\/\/www.mobitrac.eu\/#website\"},\"datePublished\":\"2015-03-20T16:01:11+00:00\",\"dateModified\":\"2015-09-29T15:15:01+00:00\",\"breadcrumb\":{\"@id\":\"https:\/\/www.mobitrac.eu\/technical-details\/#breadcrumb\"},\"inLanguage\":\"fr-FR\",\"potentialAction\":[{\"@type\":\"ReadAction\",\"target\":[\"https:\/\/www.mobitrac.eu\/technical-details\/\"]}]},{\"@type\":\"BreadcrumbList\",\"@id\":\"https:\/\/www.mobitrac.eu\/technical-details\/#breadcrumb\",\"itemListElement\":[{\"@type\":\"ListItem\",\"position\":1,\"name\":\"Home\",\"item\":\"https:\/\/www.mobitrac.eu\/\"},{\"@type\":\"ListItem\",\"position\":2,\"name\":\"Sp\u00e9cifications\"}]},{\"@type\":\"WebSite\",\"@id\":\"https:\/\/www.mobitrac.eu\/#website\",\"url\":\"https:\/\/www.mobitrac.eu\/\",\"name\":\"Mobitrac\",\"description\":\"\",\"potentialAction\":[{\"@type\":\"SearchAction\",\"target\":{\"@type\":\"EntryPoint\",\"urlTemplate\":\"https:\/\/www.mobitrac.eu\/?s={search_term_string}\"},\"query-input\":\"required name=search_term_string\"}],\"inLanguage\":\"fr-FR\"}]}<\/script>\n<!-- \/ Yoast SEO plugin. -->","yoast_head_json":{"title":"Sp\u00e9cifications - Mobitrac","robots":{"index":"index","follow":"follow","max-snippet":"max-snippet:-1","max-image-preview":"max-image-preview:large","max-video-preview":"max-video-preview:-1"},"canonical":"https:\/\/www.mobitrac.eu\/technical-details\/","og_locale":"fr_FR","og_type":"article","og_title":"Sp\u00e9cifications - Mobitrac","og_url":"https:\/\/www.mobitrac.eu\/technical-details\/","og_site_name":"Mobitrac","article_modified_time":"2015-09-29T15:15:01+00:00","twitter_misc":{"Dur\u00e9e de lecture estim\u00e9e":"3 minutes"},"schema":{"@context":"https:\/\/schema.org","@graph":[{"@type":"WebPage","@id":"https:\/\/www.mobitrac.eu\/technical-details\/","url":"https:\/\/www.mobitrac.eu\/technical-details\/","name":"Sp\u00e9cifications - Mobitrac","isPartOf":{"@id":"https:\/\/www.mobitrac.eu\/#website"},"datePublished":"2015-03-20T16:01:11+00:00","dateModified":"2015-09-29T15:15:01+00:00","breadcrumb":{"@id":"https:\/\/www.mobitrac.eu\/technical-details\/#breadcrumb"},"inLanguage":"fr-FR","potentialAction":[{"@type":"ReadAction","target":["https:\/\/www.mobitrac.eu\/technical-details\/"]}]},{"@type":"BreadcrumbList","@id":"https:\/\/www.mobitrac.eu\/technical-details\/#breadcrumb","itemListElement":[{"@type":"ListItem","position":1,"name":"Home","item":"https:\/\/www.mobitrac.eu\/"},{"@type":"ListItem","position":2,"name":"Sp\u00e9cifications"}]},{"@type":"WebSite","@id":"https:\/\/www.mobitrac.eu\/#website","url":"https:\/\/www.mobitrac.eu\/","name":"Mobitrac","description":"","potentialAction":[{"@type":"SearchAction","target":{"@type":"EntryPoint","urlTemplate":"https:\/\/www.mobitrac.eu\/?s={search_term_string}"},"query-input":"required name=search_term_string"}],"inLanguage":"fr-FR"}]}},"_links":{"self":[{"href":"https:\/\/www.mobitrac.eu\/fr\/wp-json\/wp\/v2\/pages\/148"}],"collection":[{"href":"https:\/\/www.mobitrac.eu\/fr\/wp-json\/wp\/v2\/pages"}],"about":[{"href":"https:\/\/www.mobitrac.eu\/fr\/wp-json\/wp\/v2\/types\/page"}],"author":[{"embeddable":true,"href":"https:\/\/www.mobitrac.eu\/fr\/wp-json\/wp\/v2\/users\/2"}],"replies":[{"embeddable":true,"href":"https:\/\/www.mobitrac.eu\/fr\/wp-json\/wp\/v2\/comments?post=148"}],"version-history":[{"count":5,"href":"https:\/\/www.mobitrac.eu\/fr\/wp-json\/wp\/v2\/pages\/148\/revisions"}],"predecessor-version":[{"id":1010,"href":"https:\/\/www.mobitrac.eu\/fr\/wp-json\/wp\/v2\/pages\/148\/revisions\/1010"}],"wp:attachment":[{"href":"https:\/\/www.mobitrac.eu\/fr\/wp-json\/wp\/v2\/media?parent=148"}],"curies":[{"name":"wp","href":"https:\/\/api.w.org\/{rel}","templated":true}]}}