{"id":183,"date":"2015-03-19T22:12:13","date_gmt":"2015-03-19T21:12:13","guid":{"rendered":"http:\/\/dev.picoba.nl\/tools\/dredging\/"},"modified":"2015-04-29T17:31:15","modified_gmt":"2015-04-29T16:31:15","slug":"pompage","status":"publish","type":"page","link":"https:\/\/www.mobitrac.eu\/fr\/tools\/pompage\/","title":{"rendered":"Pompage"},"content":{"rendered":"<div id='layer_slider_1'  class='avia-layerslider main_color avia-shadow  avia-builder-el-0  el_before_av_two_third  avia-builder-el-first  container_wrap sidebar_right' style='  height: 151px;' ><\/div><div id='after_layer_slider_1'  class='main_color av_default_container_wrap container_wrap sidebar_right' style=' '  ><div class='container' ><div class='template-page content  av-content-small alpha units'><div class='post-entry post-entry-type-page post-entry-183'><div class='entry-content-wrapper clearfix'>\n<div class=\"flex_column av_two_third  flex_column_div first  avia-builder-el-1  el_after_av_layerslider  el_before_av_one_third  avia-builder-el-first  \" ><p><div  style='padding-bottom:10px; ' class='av-special-heading av-special-heading-h3    avia-builder-el-2  el_before_av_textblock  avia-builder-el-first  '><h3 class='av-special-heading-tag '  itemprop=\"headline\"  >Pompage<\/h3><div class='special-heading-border'><div class='special-heading-inner-border' ><\/div><\/div><\/div><br \/>\n<section class=\"av_textblock_section \"  itemscope=\"itemscope\" itemtype=\"https:\/\/schema.org\/CreativeWork\" ><div class='avia_textblock  '   itemprop=\"text\" ><header>Le pompage est parfaitement adapt\u00e9 pour le MOBITRAC.<br \/>\nLa pompe MB &#8211; LL80B &#8211; 4, peut \u00eatre utilis\u00e9e pour pomper des s\u00e9diments, des boues, des algues ainsi que des d\u00e9bris flottants.La pompe peut \u00eatre op\u00e9r\u00e9e par des commandes situ\u00e9es \u00e0 cot\u00e9 du si\u00e8ge pilote.Sur demande, des adaptations peuvent \u00eatre r\u00e9alis\u00e9es sur le syst\u00e8me de pompage en fonction des mati\u00e8res \u00e0 pomper. Il est aussi possible de pomper des hydrocarbures. N&rsquo;h\u00e9sitez pas \u00e0 nous consulter pour vos besoins sp\u00e9cifiques.<\/header>\n<div class=\"content clearfix\"><\/div>\n<\/div><\/section><\/p><\/div>\n<div class=\"flex_column av_one_third  flex_column_div   avia-builder-el-4  el_after_av_two_third  avia-builder-el-last  \" ><p><div  style='padding-bottom:10px; ' class='av-special-heading av-special-heading-h3    avia-builder-el-5  el_before_av_toggle_container  avia-builder-el-first  '><h3 class='av-special-heading-tag '  itemprop=\"headline\"  >Pompe<\/h3><div class='special-heading-border'><div class='special-heading-inner-border' ><\/div><\/div><\/div><br \/>\n<div   class=\"togglecontainer   toggle_close_all  avia-builder-el-6  el_after_av_heading  avia-builder-el-last \" >\n<section class=\"av_toggle_section\"  itemscope=\"itemscope\" itemtype=\"https:\/\/schema.org\/CreativeWork\"  >    <div role=\"tablist\" class=\"single_toggle\" data-tags=\"{Tout} \"  >        <p data-fake-id=\"#toggle-id-1\" class=\"toggler activeTitle\"  itemprop=\"headline\"    role=\"tab\" tabindex=\"0\" aria-controls=\"toggle-id-1\">MB-LL80B-4<span class=\"toggle_icon\" >        <span class=\"vert_icon\"><\/span><span class=\"hor_icon\"><\/span><\/span><\/p>        <div id=\"toggle-id-1\" class=\"toggle_wrap active_tc\"  style='display:block;' >            <div class=\"toggle_content invers-color \"  itemprop=\"text\"   ><p><a href=\"http:\/\/dev.picoba.nl\/wp-content\/uploads\/2015\/03\/bomba_de_drenaje-afb31.png\"><img decoding=\"async\" loading=\"lazy\" class=\"alignnone size-full wp-image-546\" src=\"http:\/\/dev.picoba.nl\/wp-content\/uploads\/2015\/03\/bomba_de_drenaje-afb31.png\" alt=\"bomba_de_drenaje-afb3\" width=\"236\" height=\"292\" \/><\/a><\/p>\n<hr \/>\n<p>La pompe est parfaitement adapt\u00e9e au bras hydraulique du TR-Classic MOBITRAC<\/p>\n<h5>Details<\/h5>\n<ul>\n<li>Profondeur de travail: 2000 mm<\/li>\n<li>Poids: 65 kg<\/li>\n<li>Distance de pompage Environ: 150 m<\/li>\n<li>D\u00e9bit maximum Pompage: 60m3\/heure<\/li>\n<\/ul>\n            <\/div>        <\/div>    <\/div><\/section>\n<\/div><\/p><\/div>\n","protected":false},"excerpt":{"rendered":"","protected":false},"author":2,"featured_media":0,"parent":180,"menu_order":0,"comment_status":"closed","ping_status":"closed","template":"","meta":{"footnotes":""},"yoast_head":"<!-- This site is optimized with the Yoast SEO plugin v21.1 - https:\/\/yoast.com\/wordpress\/plugins\/seo\/ -->\n<title>Pompage - Mobitrac<\/title>\n<meta name=\"robots\" content=\"index, follow, max-snippet:-1, max-image-preview:large, max-video-preview:-1\" \/>\n<link rel=\"canonical\" href=\"https:\/\/www.mobitrac.eu\/tools\/dredging\/\" \/>\n<meta property=\"og:locale\" content=\"fr_FR\" \/>\n<meta property=\"og:type\" content=\"article\" \/>\n<meta property=\"og:title\" content=\"Pompage - Mobitrac\" \/>\n<meta property=\"og:url\" content=\"https:\/\/www.mobitrac.eu\/tools\/dredging\/\" \/>\n<meta property=\"og:site_name\" content=\"Mobitrac\" \/>\n<meta property=\"article:modified_time\" content=\"2015-04-29T16:31:15+00:00\" \/>\n<meta property=\"og:image\" content=\"http:\/\/dev.picoba.nl\/wp-content\/uploads\/2015\/03\/bomba_de_drenaje-afb31.png\" \/>\n<meta name=\"twitter:label1\" content=\"Dur\u00e9e de lecture estim\u00e9e\" \/>\n\t<meta name=\"twitter:data1\" content=\"1 minute\" \/>\n<script type=\"application\/ld+json\" class=\"yoast-schema-graph\">{\"@context\":\"https:\/\/schema.org\",\"@graph\":[{\"@type\":\"WebPage\",\"@id\":\"https:\/\/www.mobitrac.eu\/tools\/dredging\/\",\"url\":\"https:\/\/www.mobitrac.eu\/tools\/dredging\/\",\"name\":\"Pompage - Mobitrac\",\"isPartOf\":{\"@id\":\"https:\/\/www.mobitrac.eu\/#website\"},\"datePublished\":\"2015-03-19T21:12:13+00:00\",\"dateModified\":\"2015-04-29T16:31:15+00:00\",\"breadcrumb\":{\"@id\":\"https:\/\/www.mobitrac.eu\/tools\/dredging\/#breadcrumb\"},\"inLanguage\":\"fr-FR\",\"potentialAction\":[{\"@type\":\"ReadAction\",\"target\":[\"https:\/\/www.mobitrac.eu\/tools\/dredging\/\"]}]},{\"@type\":\"BreadcrumbList\",\"@id\":\"https:\/\/www.mobitrac.eu\/tools\/dredging\/#breadcrumb\",\"itemListElement\":[{\"@type\":\"ListItem\",\"position\":1,\"name\":\"Home\",\"item\":\"https:\/\/www.mobitrac.eu\/\"},{\"@type\":\"ListItem\",\"position\":2,\"name\":\"Tools\",\"item\":\"https:\/\/www.mobitrac.eu\/tools\/\"},{\"@type\":\"ListItem\",\"position\":3,\"name\":\"Pompage\"}]},{\"@type\":\"WebSite\",\"@id\":\"https:\/\/www.mobitrac.eu\/#website\",\"url\":\"https:\/\/www.mobitrac.eu\/\",\"name\":\"Mobitrac\",\"description\":\"\",\"potentialAction\":[{\"@type\":\"SearchAction\",\"target\":{\"@type\":\"EntryPoint\",\"urlTemplate\":\"https:\/\/www.mobitrac.eu\/?s={search_term_string}\"},\"query-input\":\"required name=search_term_string\"}],\"inLanguage\":\"fr-FR\"}]}<\/script>\n<!-- \/ Yoast SEO plugin. -->","yoast_head_json":{"title":"Pompage - Mobitrac","robots":{"index":"index","follow":"follow","max-snippet":"max-snippet:-1","max-image-preview":"max-image-preview:large","max-video-preview":"max-video-preview:-1"},"canonical":"https:\/\/www.mobitrac.eu\/tools\/dredging\/","og_locale":"fr_FR","og_type":"article","og_title":"Pompage - Mobitrac","og_url":"https:\/\/www.mobitrac.eu\/tools\/dredging\/","og_site_name":"Mobitrac","article_modified_time":"2015-04-29T16:31:15+00:00","og_image":[{"url":"http:\/\/dev.picoba.nl\/wp-content\/uploads\/2015\/03\/bomba_de_drenaje-afb31.png"}],"twitter_misc":{"Dur\u00e9e de lecture estim\u00e9e":"1 minute"},"schema":{"@context":"https:\/\/schema.org","@graph":[{"@type":"WebPage","@id":"https:\/\/www.mobitrac.eu\/tools\/dredging\/","url":"https:\/\/www.mobitrac.eu\/tools\/dredging\/","name":"Pompage - Mobitrac","isPartOf":{"@id":"https:\/\/www.mobitrac.eu\/#website"},"datePublished":"2015-03-19T21:12:13+00:00","dateModified":"2015-04-29T16:31:15+00:00","breadcrumb":{"@id":"https:\/\/www.mobitrac.eu\/tools\/dredging\/#breadcrumb"},"inLanguage":"fr-FR","potentialAction":[{"@type":"ReadAction","target":["https:\/\/www.mobitrac.eu\/tools\/dredging\/"]}]},{"@type":"BreadcrumbList","@id":"https:\/\/www.mobitrac.eu\/tools\/dredging\/#breadcrumb","itemListElement":[{"@type":"ListItem","position":1,"name":"Home","item":"https:\/\/www.mobitrac.eu\/"},{"@type":"ListItem","position":2,"name":"Tools","item":"https:\/\/www.mobitrac.eu\/tools\/"},{"@type":"ListItem","position":3,"name":"Pompage"}]},{"@type":"WebSite","@id":"https:\/\/www.mobitrac.eu\/#website","url":"https:\/\/www.mobitrac.eu\/","name":"Mobitrac","description":"","potentialAction":[{"@type":"SearchAction","target":{"@type":"EntryPoint","urlTemplate":"https:\/\/www.mobitrac.eu\/?s={search_term_string}"},"query-input":"required name=search_term_string"}],"inLanguage":"fr-FR"}]}},"_links":{"self":[{"href":"https:\/\/www.mobitrac.eu\/fr\/wp-json\/wp\/v2\/pages\/183"}],"collection":[{"href":"https:\/\/www.mobitrac.eu\/fr\/wp-json\/wp\/v2\/pages"}],"about":[{"href":"https:\/\/www.mobitrac.eu\/fr\/wp-json\/wp\/v2\/types\/page"}],"author":[{"embeddable":true,"href":"https:\/\/www.mobitrac.eu\/fr\/wp-json\/wp\/v2\/users\/2"}],"replies":[{"embeddable":true,"href":"https:\/\/www.mobitrac.eu\/fr\/wp-json\/wp\/v2\/comments?post=183"}],"version-history":[{"count":8,"href":"https:\/\/www.mobitrac.eu\/fr\/wp-json\/wp\/v2\/pages\/183\/revisions"}],"predecessor-version":[{"id":569,"href":"https:\/\/www.mobitrac.eu\/fr\/wp-json\/wp\/v2\/pages\/183\/revisions\/569"}],"up":[{"embeddable":true,"href":"https:\/\/www.mobitrac.eu\/fr\/wp-json\/wp\/v2\/pages\/180"}],"wp:attachment":[{"href":"https:\/\/www.mobitrac.eu\/fr\/wp-json\/wp\/v2\/media?parent=183"}],"curies":[{"name":"wp","href":"https:\/\/api.w.org\/{rel}","templated":true}]}}