{"id":189,"date":"2015-03-16T21:05:19","date_gmt":"2015-03-16T20:05:19","guid":{"rendered":"http:\/\/dev.picoba.nl\/tools\/mowing-harvesting\/"},"modified":"2020-09-11T15:57:13","modified_gmt":"2020-09-11T14:57:13","slug":"faucardage-ramassage","status":"publish","type":"page","link":"https:\/\/www.mobitrac.eu\/fr\/tools\/faucardage-ramassage\/","title":{"rendered":"Faucardage \/ Ramassage"},"content":{"rendered":"<div id='layer_slider_1'  class='avia-layerslider main_color avia-shadow  avia-builder-el-0  el_before_av_two_third  avia-builder-el-first  container_wrap sidebar_right' style='  height: 151px;' ><\/div><div id='after_layer_slider_1'  class='main_color av_default_container_wrap container_wrap sidebar_right' style=' '  ><div class='container' ><div class='template-page content  av-content-small alpha units'><div class='post-entry post-entry-type-page post-entry-189'><div class='entry-content-wrapper clearfix'>\n<div class=\"flex_column av_two_third  flex_column_div first  avia-builder-el-1  el_after_av_layerslider  el_before_av_one_third  avia-builder-el-first  \" ><p><div  style='padding-bottom:10px; ' class='av-special-heading av-special-heading-h3    avia-builder-el-2  el_before_av_textblock  avia-builder-el-first  '><h3 class='av-special-heading-tag '  itemprop=\"headline\"  >Faucardage \/ Ramassage<\/h3><div class='special-heading-border'><div class='special-heading-inner-border' ><\/div><\/div><\/div><br \/>\n<section class=\"av_textblock_section \"  itemscope=\"itemscope\" itemtype=\"https:\/\/schema.org\/CreativeWork\" ><div class='avia_textblock  '   itemprop=\"text\" ><p>La barre de coupe MB-F 209 se connecte ais\u00e9ment au bras hydraulique situ\u00e9 \u00e0 l&rsquo;avant du MOBITRAC.<br \/>\nLa double action des couteaux Busati ne demande pas de lubrification. Il est donc possible de l&rsquo;utiliser sur la terre ferme, en surface o\u00f9 dans les zones mar\u00e9cageuses. La barre de coupe MB-F 209 poss\u00e8de de grosses capacit\u00e9s de coupe et peut \u00eatre aussi utilis\u00e9e pour la coupe de roseaux.<\/p>\n<h3>Pourquoi faucarder<\/h3>\n<p>Les plans d&rsquo;eau, zones humides, r\u00e9serves naturelles, etc., ne sont pas toujours entretenus comme ils devraient l&rsquo;\u00eatre. Dans certains cas, cela r\u00e9sulte dans l&rsquo;asphyxie compl\u00e8te du plan d&rsquo;eau avec le d\u00e9veloppement d&rsquo;une v\u00e9g\u00e9tation invasive nocive.<br \/>\nCela peut aussi entrainer des probl\u00e8mes de d\u00e9veloppement de mar\u00e9cages, odeurs et d\u00e9composition, probl\u00e8mes de drainage et extinction de la faune marine (poisons, etc.). Une maintenance p\u00e9riodique est indispensable pour pallier \u00e0 ses probl\u00e8mes.<\/p>\n<h3>Sites cibl\u00e9s<\/h3>\n<p>Plans d&rsquo;eau et lacs<br \/>\nR\u00e9serves naturelles, zones humides et cours d&rsquo;eau<br \/>\nBassins et stations macrophytes<br \/>\nPorts de plaisances et retenues d&rsquo;eau<br \/>\nRoseli\u00e8res<\/p>\n<\/div><\/section><\/p><\/div>\n<div class=\"flex_column av_one_third  flex_column_div av-zero-column-padding   avia-builder-el-4  el_after_av_two_third  el_before_av_section  avia-builder-el-last  \" style='border-radius:0px; '><p><div  style='padding-bottom:10px; ' class='av-special-heading av-special-heading-h3    avia-builder-el-5  el_before_av_textblock  avia-builder-el-first  '><h3 class='av-special-heading-tag '  itemprop=\"headline\"  >Divers couteaux<\/h3><div class='special-heading-border'><div class='special-heading-inner-border' ><\/div><\/div><\/div><br \/>\n<section class=\"av_textblock_section \"  itemscope=\"itemscope\" itemtype=\"https:\/\/schema.org\/CreativeWork\" ><div class='avia_textblock  '   itemprop=\"text\" ><p>La v\u00e9g\u00e9tation flottante et sous marine peut \u00eatre ainsi efficacement faucard\u00e9e et ramass\u00e9e.<\/p>\n<\/div><\/section><br \/>\n<div   class=\"togglecontainer   toggle_close_all  avia-builder-el-7  el_after_av_textblock  avia-builder-el-last \" >\n<section class=\"av_toggle_section\"  itemscope=\"itemscope\" itemtype=\"https:\/\/schema.org\/CreativeWork\"  >    <div role=\"tablist\" class=\"single_toggle\" data-tags=\"{Tout} \"  >        <p data-fake-id=\"#toggle-id-1\" class=\"toggler activeTitle\"  itemprop=\"headline\"    role=\"tab\" tabindex=\"0\" aria-controls=\"toggle-id-1\">MB-F 209<span class=\"toggle_icon\" >        <span class=\"vert_icon\"><\/span><span class=\"hor_icon\"><\/span><\/span><\/p>        <div id=\"toggle-id-1\" class=\"toggle_wrap active_tc\"  style='display:block;' >            <div class=\"toggle_content invers-color \"  itemprop=\"text\"   ><h5><a href=\"https:\/\/www.mobitrac.eu\/wp-content\/uploads\/2020\/02\/IMG_0804.jpeg\"><img decoding=\"async\" loading=\"lazy\" class=\"alignnone size-medium wp-image-1598\" src=\"https:\/\/www.mobitrac.eu\/wp-content\/uploads\/2020\/02\/IMG_0804-300x225.jpeg\" alt=\"IMG_0804\" width=\"300\" height=\"225\" srcset=\"https:\/\/www.mobitrac.eu\/wp-content\/uploads\/2020\/02\/IMG_0804-300x225.jpeg 300w, https:\/\/www.mobitrac.eu\/wp-content\/uploads\/2020\/02\/IMG_0804-768x576.jpeg 768w, https:\/\/www.mobitrac.eu\/wp-content\/uploads\/2020\/02\/IMG_0804-1030x773.jpeg 1030w, https:\/\/www.mobitrac.eu\/wp-content\/uploads\/2020\/02\/IMG_0804-1500x1125.jpeg 1500w, https:\/\/www.mobitrac.eu\/wp-content\/uploads\/2020\/02\/IMG_0804-705x529.jpeg 705w, https:\/\/www.mobitrac.eu\/wp-content\/uploads\/2020\/02\/IMG_0804-450x338.jpeg 450w\" sizes=\"(max-width: 300px) 100vw, 300px\" \/><\/a><\/h5>\n<hr \/>\n<h5><\/h5>\n<h5>Details<\/h5>\n<ul>\n<li>Poids : 60\u00a0kg<\/li>\n<li>Largeur : 2,10 m<\/li>\n<li>Pronfondeur : 0 &#8211; 1,00 m<\/li>\n<\/ul>\n            <\/div>        <\/div>    <\/div><\/section>\n<section class=\"av_toggle_section\"  itemscope=\"itemscope\" itemtype=\"https:\/\/schema.org\/CreativeWork\"  >    <div role=\"tablist\" class=\"single_toggle\" data-tags=\"{Tout} \"  >        <p data-fake-id=\"#toggle-id-2\" class=\"toggler \"  itemprop=\"headline\"    role=\"tab\" tabindex=\"0\" aria-controls=\"toggle-id-2\">MB-F 409<span class=\"toggle_icon\" >        <span class=\"vert_icon\"><\/span><span class=\"hor_icon\"><\/span><\/span><\/p>        <div id=\"toggle-id-2\" class=\"toggle_wrap \"   >            <div class=\"toggle_content invers-color \"  itemprop=\"text\"   ><h5>Details<\/h5>\n<ul>\n<li>Poids : 65 kg<\/li>\n<li>Largeur : 2,10 &#8211; 4,0 m<\/li>\n<li>Pronfondeur : 0 &#8211; 1,50 m<\/li>\n<\/ul>\n            <\/div>        <\/div>    <\/div><\/section>\n<section class=\"av_toggle_section\"  itemscope=\"itemscope\" itemtype=\"https:\/\/schema.org\/CreativeWork\"  >    <div role=\"tablist\" class=\"single_toggle\" data-tags=\"{Tout} \"  >        <p data-fake-id=\"#toggle-id-3\" class=\"toggler \"  itemprop=\"headline\"    role=\"tab\" tabindex=\"0\" aria-controls=\"toggle-id-3\">MB-Z 170<span class=\"toggle_icon\" >        <span class=\"vert_icon\"><\/span><span class=\"hor_icon\"><\/span><\/span><\/p>        <div id=\"toggle-id-3\" class=\"toggle_wrap \"   >            <div class=\"toggle_content invers-color \"  itemprop=\"text\"   ><h5>Details<\/h5>\n<ul>\n<li>Poids : 75 kg<\/li>\n<li>Largeur : 1,70 m<\/li>\n<li>Pronfondeur : 0,50 m<\/li>\n<\/ul>\n            <\/div>        <\/div>    <\/div><\/section>\n<\/div><\/p><\/div><\/div><\/div><\/div><!-- close content main div --><\/div><\/div><div id='av_section_1'  class='avia-section main_color avia-section-default avia-no-shadow  avia-bg-style-scroll  avia-builder-el-8  el_after_av_one_third  avia-builder-el-last   container_wrap sidebar_right' style='background-color: #f2f2f2;  '  ><div class='container' ><div class='template-page content  av-content-small alpha units'><div class='post-entry post-entry-type-page post-entry-189'><div class='entry-content-wrapper clearfix'>\n<div class=\"flex_column av_two_third  flex_column_div first  avia-builder-el-9  el_before_av_one_third  avia-builder-el-first  \" ><p><div  style='padding-bottom:10px; ' class='av-special-heading av-special-heading-h3    avia-builder-el-10  el_before_av_textblock  avia-builder-el-first  '><h3 class='av-special-heading-tag '  itemprop=\"headline\"  >Ramassage<\/h3><div class='special-heading-border'><div class='special-heading-inner-border' ><\/div><\/div><\/div><br \/>\n<section class=\"av_textblock_section \"  itemscope=\"itemscope\" itemtype=\"https:\/\/schema.org\/CreativeWork\" ><div class='avia_textblock  '   itemprop=\"text\" ><p>Le panier MR-R350 est un panier qui peut se d\u00e9plier de 2 m\u00e8tres jusqu&rsquo; 3.50 m\u00e8tres. Ce panier peut \u00eatre utilis\u00e9 pour pousser et ramasser la v\u00e9g\u00e9tation coup\u00e9e. Si besoin, il est possible d&rsquo;ajouter une plaque de m\u00e9tal perfor\u00e9e permettant de collecter des plantes ou vases de petite taille, des d\u00e9chets ou un absorbant dans le cadre d&rsquo;une pollution marine.<\/p>\n<h3>R\u00e2teau peigne<\/h3>\n<p>Le r\u00e2teau peigne MR-R209 peut \u00eatre utilis\u00e9 quand la v\u00e9g\u00e9tation coup\u00e9e repose au sol sur le rivage ou la berge. Ce r\u00e2teau peigne permet de ratisser les plantes dans l&rsquo;eau avant de les ramasser avec le panier ramasseur.<\/p>\n<h3>L&rsquo;outil<\/h3>\n<p>Le ramassage des v\u00e9g\u00e9taux coup\u00e9s est aussi important que la coupe de ceux-ci.<br \/>\nSi vous laissez les plantes coup\u00e9es dans l&rsquo;eau, celles-ci vont servir de fertilisant pour les autres organismes. Il est donc conseill\u00e9 de ramasser les plantes coup\u00e9es et de les \u00e9vacuer hors de l&rsquo;eau.<\/p>\n<\/div><\/section><\/p><\/div><div class=\"flex_column av_one_third  flex_column_div   avia-builder-el-12  el_after_av_two_third  avia-builder-el-last  \" ><p><div  style='padding-bottom:10px; ' class='av-special-heading av-special-heading-h3    avia-builder-el-13  el_before_av_toggle_container  avia-builder-el-first  '><h3 class='av-special-heading-tag '  itemprop=\"headline\"  >R\u00e2teaux<\/h3><div class='special-heading-border'><div class='special-heading-inner-border' ><\/div><\/div><\/div><br \/>\n<div   class=\"togglecontainer   toggle_close_all  avia-builder-el-14  el_after_av_heading  avia-builder-el-last \" >\n<section class=\"av_toggle_section\"  itemscope=\"itemscope\" itemtype=\"https:\/\/schema.org\/CreativeWork\"  >    <div role=\"tablist\" class=\"single_toggle\" data-tags=\"{Tout} \"  >        <p data-fake-id=\"#toggle-id-4\" class=\"toggler activeTitle\"  itemprop=\"headline\"    role=\"tab\" tabindex=\"0\" aria-controls=\"toggle-id-4\">MR-R350 Panier<span class=\"toggle_icon\" >        <span class=\"vert_icon\"><\/span><span class=\"hor_icon\"><\/span><\/span><\/p>        <div id=\"toggle-id-4\" class=\"toggle_wrap active_tc\"  style='display:block;' >            <div class=\"toggle_content invers-color \"  itemprop=\"text\"   ><h5><a href=\"http:\/\/dev.picoba.nl\/wp-content\/uploads\/2015\/03\/recolecta-afb11.png\"><img decoding=\"async\" loading=\"lazy\" class=\"alignnone size-full wp-image-548\" src=\"http:\/\/dev.picoba.nl\/wp-content\/uploads\/2015\/03\/recolecta-afb11.png\" alt=\"recolecta-afb1\" width=\"236\" height=\"149\" \/><\/a><\/h5>\n<hr \/>\n<h5>Details<\/h5>\n<ul>\n<li>Mesures 2 &#8211; 3,50 m<\/li>\n<li>Poids 80 kg<\/li>\n<\/ul>\n            <\/div>        <\/div>    <\/div><\/section>\n<section class=\"av_toggle_section\"  itemscope=\"itemscope\" itemtype=\"https:\/\/schema.org\/CreativeWork\"  >    <div role=\"tablist\" class=\"single_toggle\" data-tags=\"{Tout} \"  >        <p data-fake-id=\"#toggle-id-5\" class=\"toggler \"  itemprop=\"headline\"    role=\"tab\" tabindex=\"0\" aria-controls=\"toggle-id-5\">MR-R209 R\u00e2teau peigne<span class=\"toggle_icon\" >        <span class=\"vert_icon\"><\/span><span class=\"hor_icon\"><\/span><\/span><\/p>        <div id=\"toggle-id-5\" class=\"toggle_wrap \"   >            <div class=\"toggle_content invers-color \"  itemprop=\"text\"   ><h5>Details<\/h5>\n<ul>\n<li>Mesures 2,10 m<\/li>\n<li>Poids 30 kg<\/li>\n<\/ul>\n            <\/div>        <\/div>    <\/div><\/section>\n<\/div><\/p><\/div>\n<\/div><\/div><\/div><!-- close content main div --><\/div><\/div><div id='after_section_1'  class='main_color av_default_container_wrap container_wrap sidebar_right' style=' '  ><div class='container' ><div class='template-page content  av-content-small alpha units'><div class='post-entry post-entry-type-page post-entry-189'><div class='entry-content-wrapper clearfix'><\/p>\n","protected":false},"excerpt":{"rendered":"","protected":false},"author":2,"featured_media":0,"parent":180,"menu_order":0,"comment_status":"open","ping_status":"closed","template":"","meta":{"footnotes":""},"yoast_head":"<!-- This site is optimized with the Yoast SEO plugin v21.1 - https:\/\/yoast.com\/wordpress\/plugins\/seo\/ -->\n<title>Faucardage \/ Ramassage - Mobitrac<\/title>\n<meta name=\"robots\" content=\"index, follow, max-snippet:-1, max-image-preview:large, max-video-preview:-1\" \/>\n<link rel=\"canonical\" href=\"https:\/\/www.mobitrac.eu\/tools\/mowing-harvesting\/\" \/>\n<meta property=\"og:locale\" content=\"fr_FR\" \/>\n<meta property=\"og:type\" content=\"article\" \/>\n<meta property=\"og:title\" content=\"Faucardage \/ Ramassage - Mobitrac\" \/>\n<meta property=\"og:url\" content=\"https:\/\/www.mobitrac.eu\/tools\/mowing-harvesting\/\" \/>\n<meta property=\"og:site_name\" content=\"Mobitrac\" \/>\n<meta property=\"article:modified_time\" content=\"2020-09-11T14:57:13+00:00\" \/>\n<meta property=\"og:image\" content=\"https:\/\/www.mobitrac.eu\/wp-content\/uploads\/2020\/02\/IMG_0804-300x225.jpeg\" \/>\n<meta name=\"twitter:label1\" content=\"Dur\u00e9e de lecture estim\u00e9e\" \/>\n\t<meta name=\"twitter:data1\" content=\"4 minutes\" \/>\n<script type=\"application\/ld+json\" class=\"yoast-schema-graph\">{\"@context\":\"https:\/\/schema.org\",\"@graph\":[{\"@type\":\"WebPage\",\"@id\":\"https:\/\/www.mobitrac.eu\/tools\/mowing-harvesting\/\",\"url\":\"https:\/\/www.mobitrac.eu\/tools\/mowing-harvesting\/\",\"name\":\"Faucardage \/ Ramassage - Mobitrac\",\"isPartOf\":{\"@id\":\"https:\/\/www.mobitrac.eu\/#website\"},\"datePublished\":\"2015-03-16T20:05:19+00:00\",\"dateModified\":\"2020-09-11T14:57:13+00:00\",\"breadcrumb\":{\"@id\":\"https:\/\/www.mobitrac.eu\/tools\/mowing-harvesting\/#breadcrumb\"},\"inLanguage\":\"fr-FR\",\"potentialAction\":[{\"@type\":\"ReadAction\",\"target\":[\"https:\/\/www.mobitrac.eu\/tools\/mowing-harvesting\/\"]}]},{\"@type\":\"BreadcrumbList\",\"@id\":\"https:\/\/www.mobitrac.eu\/tools\/mowing-harvesting\/#breadcrumb\",\"itemListElement\":[{\"@type\":\"ListItem\",\"position\":1,\"name\":\"Home\",\"item\":\"https:\/\/www.mobitrac.eu\/\"},{\"@type\":\"ListItem\",\"position\":2,\"name\":\"Tools\",\"item\":\"https:\/\/www.mobitrac.eu\/tools\/\"},{\"@type\":\"ListItem\",\"position\":3,\"name\":\"Faucardage \/ Ramassage\"}]},{\"@type\":\"WebSite\",\"@id\":\"https:\/\/www.mobitrac.eu\/#website\",\"url\":\"https:\/\/www.mobitrac.eu\/\",\"name\":\"Mobitrac\",\"description\":\"\",\"potentialAction\":[{\"@type\":\"SearchAction\",\"target\":{\"@type\":\"EntryPoint\",\"urlTemplate\":\"https:\/\/www.mobitrac.eu\/?s={search_term_string}\"},\"query-input\":\"required name=search_term_string\"}],\"inLanguage\":\"fr-FR\"}]}<\/script>\n<!-- \/ Yoast SEO plugin. -->","yoast_head_json":{"title":"Faucardage \/ Ramassage - Mobitrac","robots":{"index":"index","follow":"follow","max-snippet":"max-snippet:-1","max-image-preview":"max-image-preview:large","max-video-preview":"max-video-preview:-1"},"canonical":"https:\/\/www.mobitrac.eu\/tools\/mowing-harvesting\/","og_locale":"fr_FR","og_type":"article","og_title":"Faucardage \/ Ramassage - Mobitrac","og_url":"https:\/\/www.mobitrac.eu\/tools\/mowing-harvesting\/","og_site_name":"Mobitrac","article_modified_time":"2020-09-11T14:57:13+00:00","og_image":[{"url":"https:\/\/www.mobitrac.eu\/wp-content\/uploads\/2020\/02\/IMG_0804-300x225.jpeg"}],"twitter_misc":{"Dur\u00e9e de lecture estim\u00e9e":"4 minutes"},"schema":{"@context":"https:\/\/schema.org","@graph":[{"@type":"WebPage","@id":"https:\/\/www.mobitrac.eu\/tools\/mowing-harvesting\/","url":"https:\/\/www.mobitrac.eu\/tools\/mowing-harvesting\/","name":"Faucardage \/ Ramassage - Mobitrac","isPartOf":{"@id":"https:\/\/www.mobitrac.eu\/#website"},"datePublished":"2015-03-16T20:05:19+00:00","dateModified":"2020-09-11T14:57:13+00:00","breadcrumb":{"@id":"https:\/\/www.mobitrac.eu\/tools\/mowing-harvesting\/#breadcrumb"},"inLanguage":"fr-FR","potentialAction":[{"@type":"ReadAction","target":["https:\/\/www.mobitrac.eu\/tools\/mowing-harvesting\/"]}]},{"@type":"BreadcrumbList","@id":"https:\/\/www.mobitrac.eu\/tools\/mowing-harvesting\/#breadcrumb","itemListElement":[{"@type":"ListItem","position":1,"name":"Home","item":"https:\/\/www.mobitrac.eu\/"},{"@type":"ListItem","position":2,"name":"Tools","item":"https:\/\/www.mobitrac.eu\/tools\/"},{"@type":"ListItem","position":3,"name":"Faucardage \/ Ramassage"}]},{"@type":"WebSite","@id":"https:\/\/www.mobitrac.eu\/#website","url":"https:\/\/www.mobitrac.eu\/","name":"Mobitrac","description":"","potentialAction":[{"@type":"SearchAction","target":{"@type":"EntryPoint","urlTemplate":"https:\/\/www.mobitrac.eu\/?s={search_term_string}"},"query-input":"required name=search_term_string"}],"inLanguage":"fr-FR"}]}},"_links":{"self":[{"href":"https:\/\/www.mobitrac.eu\/fr\/wp-json\/wp\/v2\/pages\/189"}],"collection":[{"href":"https:\/\/www.mobitrac.eu\/fr\/wp-json\/wp\/v2\/pages"}],"about":[{"href":"https:\/\/www.mobitrac.eu\/fr\/wp-json\/wp\/v2\/types\/page"}],"author":[{"embeddable":true,"href":"https:\/\/www.mobitrac.eu\/fr\/wp-json\/wp\/v2\/users\/2"}],"replies":[{"embeddable":true,"href":"https:\/\/www.mobitrac.eu\/fr\/wp-json\/wp\/v2\/comments?post=189"}],"version-history":[{"count":14,"href":"https:\/\/www.mobitrac.eu\/fr\/wp-json\/wp\/v2\/pages\/189\/revisions"}],"predecessor-version":[{"id":1656,"href":"https:\/\/www.mobitrac.eu\/fr\/wp-json\/wp\/v2\/pages\/189\/revisions\/1656"}],"up":[{"embeddable":true,"href":"https:\/\/www.mobitrac.eu\/fr\/wp-json\/wp\/v2\/pages\/180"}],"wp:attachment":[{"href":"https:\/\/www.mobitrac.eu\/fr\/wp-json\/wp\/v2\/media?parent=189"}],"curies":[{"name":"wp","href":"https:\/\/api.w.org\/{rel}","templated":true}]}}