{"id":192,"date":"2015-03-19T22:15:10","date_gmt":"2015-03-19T21:15:10","guid":{"rendered":"http:\/\/dev.picoba.nl\/tools\/trailers-and-transportation\/"},"modified":"2015-04-29T18:04:17","modified_gmt":"2015-04-29T17:04:17","slug":"remoraque-transport","status":"publish","type":"page","link":"https:\/\/www.mobitrac.eu\/fr\/tools\/remoraque-transport\/","title":{"rendered":"Remoraque &#038; Transport"},"content":{"rendered":"<div id='layer_slider_1'  class='avia-layerslider main_color avia-shadow  avia-builder-el-0  el_before_av_two_third  avia-builder-el-first  container_wrap sidebar_right' style='  height: 151px;' ><\/div><div id='after_layer_slider_1'  class='main_color av_default_container_wrap container_wrap sidebar_right' style=' '  ><div class='container' ><div class='template-page content  av-content-small alpha units'><div class='post-entry post-entry-type-page post-entry-192'><div class='entry-content-wrapper clearfix'>\n<div class=\"flex_column av_two_third  flex_column_div first  avia-builder-el-1  el_after_av_layerslider  el_before_av_one_third  avia-builder-el-first  \" ><p><div  style='padding-bottom:10px; ' class='av-special-heading av-special-heading-h3    avia-builder-el-2  el_before_av_textblock  avia-builder-el-first  '><h3 class='av-special-heading-tag '  itemprop=\"headline\"  >Remoraque <span class='special_amp'>&amp;<\/span> transport<\/h3><div class='special-heading-border'><div class='special-heading-inner-border' ><\/div><\/div><\/div><br \/>\n<section class=\"av_textblock_section \"  itemscope=\"itemscope\" itemtype=\"https:\/\/schema.org\/CreativeWork\" ><div class='avia_textblock  '   itemprop=\"text\" ><p>Le MOBITRAC est pilot\u00e9 sur sa remorque gr\u00e2ce aux rampes escamotables de la remorque. Une seule personne suffit \u00e0 effectuer cette man\u0153uvre.<\/p>\n<p>La remorque et le MOBITRAC peuvent \u00eatre tir\u00e9s par un v\u00e9hicule standard. L&rsquo;ensemble des op\u00e9rations r\u00e9alis\u00e9es avec le MOBITRAC peuvent \u00eatre r\u00e9alis\u00e9es par une seule personne, ce qui r\u00e9duit d&rsquo;autant les co\u00fbts d&rsquo;op\u00e9rations. Le MOBITRAC \u00e0 \u00e9t\u00e9 con\u00e7u dans cette optique de facilit\u00e9 d&rsquo;op\u00e9ration et d&rsquo;\u00e9conomie.<\/p>\n<h3>Emballage<\/h3>\n<p>Tous les outils sont soigneusement emball\u00e9s.<br \/>\nLe MOBITRAC peut \u00eatre plac\u00e9 sur une palette pour un chargement et d\u00e9chargement lat\u00e9ral rapide sur une semi-remorque.<\/p>\n<p>La remorque est \u00e9quip\u00e9e de 2 rampes escamotables pour le chargement et d\u00e9chargement du MOBITRAC. Celle-ci est dot\u00e9e de nombreux points d&rsquo;ancrages pour s\u00e9curiser durant le transport.<\/p>\n<\/div><\/section><\/p><\/div>\n<div class=\"flex_column av_one_third  flex_column_div   avia-builder-el-4  el_after_av_two_third  avia-builder-el-last  \" ><p><div  style='padding-bottom:10px; ' class='av-special-heading av-special-heading-h3    avia-builder-el-5  el_before_av_toggle_container  avia-builder-el-first  '><h3 class='av-special-heading-tag '  itemprop=\"headline\"  >Information technique<\/h3><div class='special-heading-border'><div class='special-heading-inner-border' ><\/div><\/div><\/div><br \/>\n<div   class=\"togglecontainer   toggle_close_all  avia-builder-el-6  el_after_av_heading  avia-builder-el-last \" >\n<section class=\"av_toggle_section\"  itemscope=\"itemscope\" itemtype=\"https:\/\/schema.org\/CreativeWork\"  >    <div role=\"tablist\" class=\"single_toggle\" data-tags=\"{Tout} \"  >        <p data-fake-id=\"#toggle-id-1\" class=\"toggler activeTitle\"  itemprop=\"headline\"    role=\"tab\" tabindex=\"0\" aria-controls=\"toggle-id-1\">Trailer<span class=\"toggle_icon\" >        <span class=\"vert_icon\"><\/span><span class=\"hor_icon\"><\/span><\/span><\/p>        <div id=\"toggle-id-1\" class=\"toggle_wrap active_tc\"  style='display:block;' >            <div class=\"toggle_content invers-color \"  itemprop=\"text\"   ><h5><a href=\"http:\/\/dev.picoba.nl\/wp-content\/uploads\/2015\/03\/transporte-afb12.png\"><img decoding=\"async\" loading=\"lazy\" class=\"alignnone size-full wp-image-550\" src=\"http:\/\/dev.picoba.nl\/wp-content\/uploads\/2015\/03\/transporte-afb12.png\" alt=\"transporte-afb1\" width=\"236\" height=\"78\" \/><\/a><\/h5>\n<hr \/>\n<h5>Details<\/h5>\n<ul>\n<li>Longueur 5,06 m<\/li>\n<li>Largueur 2,20 m<\/li>\n<li>Panneaux aluminium lat\u00e9raux hauteur de 30 cm<\/li>\n<li>Hauteur du plancher 63 cm<\/li>\n<li>Dimension des pneus 195\/50 R13<\/li>\n<li>Poids total en charge 2.700 kg<\/li>\n<li>Poids \u00e0 vide 697 kg<\/li>\n<li>Rampes 2 rampes galvanis\u00e9es escamotables<\/li>\n<li>Roue jockey, treuil et frein de secours<\/li>\n<\/ul>\n            <\/div>        <\/div>    <\/div><\/section>\n<\/div><\/p><\/div>\n","protected":false},"excerpt":{"rendered":"","protected":false},"author":2,"featured_media":0,"parent":180,"menu_order":0,"comment_status":"closed","ping_status":"closed","template":"","meta":{"footnotes":""},"yoast_head":"<!-- This site is optimized with the Yoast SEO plugin v21.1 - https:\/\/yoast.com\/wordpress\/plugins\/seo\/ -->\n<title>Remoraque &amp; Transport - Mobitrac<\/title>\n<meta name=\"robots\" content=\"index, follow, max-snippet:-1, max-image-preview:large, max-video-preview:-1\" \/>\n<link rel=\"canonical\" href=\"https:\/\/www.mobitrac.eu\/tools\/trailers-and-transportation\/\" \/>\n<meta property=\"og:locale\" content=\"fr_FR\" \/>\n<meta property=\"og:type\" content=\"article\" \/>\n<meta property=\"og:title\" content=\"Remoraque &amp; Transport - Mobitrac\" \/>\n<meta property=\"og:url\" content=\"https:\/\/www.mobitrac.eu\/tools\/trailers-and-transportation\/\" \/>\n<meta property=\"og:site_name\" content=\"Mobitrac\" \/>\n<meta property=\"article:modified_time\" content=\"2015-04-29T17:04:17+00:00\" \/>\n<meta property=\"og:image\" content=\"http:\/\/dev.picoba.nl\/wp-content\/uploads\/2015\/03\/transporte-afb12.png\" \/>\n<meta name=\"twitter:label1\" content=\"Dur\u00e9e de lecture estim\u00e9e\" \/>\n\t<meta name=\"twitter:data1\" content=\"1 minute\" \/>\n<script type=\"application\/ld+json\" class=\"yoast-schema-graph\">{\"@context\":\"https:\/\/schema.org\",\"@graph\":[{\"@type\":\"WebPage\",\"@id\":\"https:\/\/www.mobitrac.eu\/tools\/trailers-and-transportation\/\",\"url\":\"https:\/\/www.mobitrac.eu\/tools\/trailers-and-transportation\/\",\"name\":\"Remoraque & Transport - Mobitrac\",\"isPartOf\":{\"@id\":\"https:\/\/www.mobitrac.eu\/#website\"},\"datePublished\":\"2015-03-19T21:15:10+00:00\",\"dateModified\":\"2015-04-29T17:04:17+00:00\",\"breadcrumb\":{\"@id\":\"https:\/\/www.mobitrac.eu\/tools\/trailers-and-transportation\/#breadcrumb\"},\"inLanguage\":\"fr-FR\",\"potentialAction\":[{\"@type\":\"ReadAction\",\"target\":[\"https:\/\/www.mobitrac.eu\/tools\/trailers-and-transportation\/\"]}]},{\"@type\":\"BreadcrumbList\",\"@id\":\"https:\/\/www.mobitrac.eu\/tools\/trailers-and-transportation\/#breadcrumb\",\"itemListElement\":[{\"@type\":\"ListItem\",\"position\":1,\"name\":\"Home\",\"item\":\"https:\/\/www.mobitrac.eu\/\"},{\"@type\":\"ListItem\",\"position\":2,\"name\":\"Tools\",\"item\":\"https:\/\/www.mobitrac.eu\/tools\/\"},{\"@type\":\"ListItem\",\"position\":3,\"name\":\"Remoraque &#038; Transport\"}]},{\"@type\":\"WebSite\",\"@id\":\"https:\/\/www.mobitrac.eu\/#website\",\"url\":\"https:\/\/www.mobitrac.eu\/\",\"name\":\"Mobitrac\",\"description\":\"\",\"potentialAction\":[{\"@type\":\"SearchAction\",\"target\":{\"@type\":\"EntryPoint\",\"urlTemplate\":\"https:\/\/www.mobitrac.eu\/?s={search_term_string}\"},\"query-input\":\"required name=search_term_string\"}],\"inLanguage\":\"fr-FR\"}]}<\/script>\n<!-- \/ Yoast SEO plugin. -->","yoast_head_json":{"title":"Remoraque & Transport - Mobitrac","robots":{"index":"index","follow":"follow","max-snippet":"max-snippet:-1","max-image-preview":"max-image-preview:large","max-video-preview":"max-video-preview:-1"},"canonical":"https:\/\/www.mobitrac.eu\/tools\/trailers-and-transportation\/","og_locale":"fr_FR","og_type":"article","og_title":"Remoraque & Transport - Mobitrac","og_url":"https:\/\/www.mobitrac.eu\/tools\/trailers-and-transportation\/","og_site_name":"Mobitrac","article_modified_time":"2015-04-29T17:04:17+00:00","og_image":[{"url":"http:\/\/dev.picoba.nl\/wp-content\/uploads\/2015\/03\/transporte-afb12.png"}],"twitter_misc":{"Dur\u00e9e de lecture estim\u00e9e":"1 minute"},"schema":{"@context":"https:\/\/schema.org","@graph":[{"@type":"WebPage","@id":"https:\/\/www.mobitrac.eu\/tools\/trailers-and-transportation\/","url":"https:\/\/www.mobitrac.eu\/tools\/trailers-and-transportation\/","name":"Remoraque & Transport - Mobitrac","isPartOf":{"@id":"https:\/\/www.mobitrac.eu\/#website"},"datePublished":"2015-03-19T21:15:10+00:00","dateModified":"2015-04-29T17:04:17+00:00","breadcrumb":{"@id":"https:\/\/www.mobitrac.eu\/tools\/trailers-and-transportation\/#breadcrumb"},"inLanguage":"fr-FR","potentialAction":[{"@type":"ReadAction","target":["https:\/\/www.mobitrac.eu\/tools\/trailers-and-transportation\/"]}]},{"@type":"BreadcrumbList","@id":"https:\/\/www.mobitrac.eu\/tools\/trailers-and-transportation\/#breadcrumb","itemListElement":[{"@type":"ListItem","position":1,"name":"Home","item":"https:\/\/www.mobitrac.eu\/"},{"@type":"ListItem","position":2,"name":"Tools","item":"https:\/\/www.mobitrac.eu\/tools\/"},{"@type":"ListItem","position":3,"name":"Remoraque &#038; Transport"}]},{"@type":"WebSite","@id":"https:\/\/www.mobitrac.eu\/#website","url":"https:\/\/www.mobitrac.eu\/","name":"Mobitrac","description":"","potentialAction":[{"@type":"SearchAction","target":{"@type":"EntryPoint","urlTemplate":"https:\/\/www.mobitrac.eu\/?s={search_term_string}"},"query-input":"required name=search_term_string"}],"inLanguage":"fr-FR"}]}},"_links":{"self":[{"href":"https:\/\/www.mobitrac.eu\/fr\/wp-json\/wp\/v2\/pages\/192"}],"collection":[{"href":"https:\/\/www.mobitrac.eu\/fr\/wp-json\/wp\/v2\/pages"}],"about":[{"href":"https:\/\/www.mobitrac.eu\/fr\/wp-json\/wp\/v2\/types\/page"}],"author":[{"embeddable":true,"href":"https:\/\/www.mobitrac.eu\/fr\/wp-json\/wp\/v2\/users\/2"}],"replies":[{"embeddable":true,"href":"https:\/\/www.mobitrac.eu\/fr\/wp-json\/wp\/v2\/comments?post=192"}],"version-history":[{"count":8,"href":"https:\/\/www.mobitrac.eu\/fr\/wp-json\/wp\/v2\/pages\/192\/revisions"}],"predecessor-version":[{"id":551,"href":"https:\/\/www.mobitrac.eu\/fr\/wp-json\/wp\/v2\/pages\/192\/revisions\/551"}],"up":[{"embeddable":true,"href":"https:\/\/www.mobitrac.eu\/fr\/wp-json\/wp\/v2\/pages\/180"}],"wp:attachment":[{"href":"https:\/\/www.mobitrac.eu\/fr\/wp-json\/wp\/v2\/media?parent=192"}],"curies":[{"name":"wp","href":"https:\/\/api.w.org\/{rel}","templated":true}]}}